{"id":208732,"date":"2025-07-21T11:33:13","date_gmt":"2025-07-21T14:33:13","guid":{"rendered":"https:\/\/finger.ind.br\/soul-collection\/"},"modified":"2025-08-23T15:25:39","modified_gmt":"2025-08-23T18:25:39","slug":"soul-collection","status":"publish","type":"page","link":"https:\/\/finger.ind.br\/en\/soul-collection\/","title":{"rendered":"Soul Collection"},"content":{"rendered":"\n\t\t\t<div id=\"soul-collection\" class=\"block block--page-heading  heading-image\">\n\n                <div class=\"container\">                                         \n\n                    <div class=\"block--breadcrumb\">\n                        <ul class=\"breadcrumb\"><li class=\"item item-home\"><a href=\"https:\/\/finger.ind.br\/en\/\"><i class=\"icon-home\"><\/i>Home<\/a><\/li><li class=\"seperator\"><i class=\"icon-seperator\"><\/i><\/li><\/ul>                        \n                    <\/div>\n\n                                            \n\n                    \n                                           \n                    <h1 class=\"block--title\">Soul Collection<\/h1>     \n                                            \n\n                                           \n                    <h2 class=\"block--subtitle\">The essence of contemporary design. The Soul Collection brings personality, elegance, and innovation to every planned environment.<\/h2>     \n                                            \n\n                    \n                                        <div class=\"btn-group\">\n                                                <a class=\"btn btn-primary btn-primary-icon\" href=\"https:\/\/finger.ind.br\/en\/talk-to-us\">\n                                                        <span class=\"btn-label\">I want my Finger space<\/span>\n                        <\/a>\n                                            <\/div>\n                    \n                                        <div class=\"block--image\">\n                        <img decoding=\"async\" src=\"https:\/\/finger.ind.br\/wp-content\/uploads\/2025\/07\/sobre-a-finger.jpg\" alt=\"cozinha\nonde encontrar\">\n                    <\/div>\n                    \n                <\/div>\n\n            <\/div>\n\n\n<div id=\"imagecolumn-block_cb89c0052539c178645bb05a09374cfa\" class=\"block block--imagecolumn default content-reverse compact\">\n\n    <div class=\"block--content\">\n        \n\n<h2 class=\"wp-block-heading\">Bring up the soul that exists in your environments.<\/h2>\n\n\n\n<p>At Finger we are constantly searching for the most modern technologies, patterns and textures that follow the trends and the constant evolution of society; we seek for ergonomics, practicality and environmental protection.<\/p>\n\n\n    <\/div>\n\n    <div class=\"block--image\">                        \n                <img decoding=\"async\" src=\"https:\/\/finger.ind.br\/wp-content\/uploads\/2025\/07\/Imagens-Soul-Collection-1.png\" alt=\"\">\n            <\/div>\n\n<\/div>\n\n\n<div id=\"imagecolumn-block_84bfff1ade0b4d4ca6e0d1517325fc33\" class=\"block block--imagecolumn default compact\">\n\n    <div class=\"block--content\">\n        \n\n<p>We are always thrilled to offer well-being, beauty, practicality and warmth so that you can embrace and welcome everyone you care for through your personalized environment, the physical expression of your soul.<\/p>\n\n\n    <\/div>\n\n    <div class=\"block--image\">                        \n                <img decoding=\"async\" src=\"https:\/\/finger.ind.br\/wp-content\/uploads\/2025\/07\/Imagens-Soul-Collection-7.jpg\" alt=\"\">\n            <\/div>\n\n<\/div>\n\n\n<div id=\"imagecolumn-block_a3f901bb87e5075a01d966f96ea11841\" class=\"block block--imagecolumn default content-reverse compact\">\n\n    <div class=\"block--content\">\n        \n\n<p>This philosophy has become the core of Finger since its foundation more than 40 years ago. This vision internalized and rose with the mission to transform environments to bring well-being to people, harmonizing the best of European design with precision.<\/p>\n\n\n    <\/div>\n\n    <div class=\"block--image\">                        \n                <img decoding=\"async\" src=\"https:\/\/finger.ind.br\/wp-content\/uploads\/2025\/07\/Imagens-Soul-Collection-13.jpg\" alt=\"\">\n            <\/div>\n\n<\/div>\n\n\n<div id=\"imagecolumn-block_53a6513b0b808e21292adbe41a1c2987\" class=\"block block--imagecolumn default compact\">\n\n    <div class=\"block--content\">\n        \n\n<h2 class=\"wp-block-heading\">With Finger, your environment&#8217;s soul gains texture.<\/h2>\n\n\n\n<p>The soul reflects light, joy, and sorrow. The soul reflects music, dance, art, and poetry. Dreams and desires. Worries. Longing\u2014and the joy of reunions or first encounters.<br>And all these emotions are reflected in your environments, which become a mirror of your soul.<\/p>\n\n\n    <\/div>\n\n    <div class=\"block--image\">                        \n                <img decoding=\"async\" src=\"https:\/\/finger.ind.br\/wp-content\/uploads\/2025\/07\/Imagens-Soul-Collection-2.jpg\" alt=\"\">\n            <\/div>\n\n<\/div>\n\n\n<div id=\"imagecolumn-block_88971f0388bdc4417bf6d5e77b7abed2\" class=\"block block--imagecolumn default content-reverse compact\">\n\n    <div class=\"block--content\">\n        \n\n<p>To imprint your soul into your environments, Finger presents the Soul Collection.<br>A collection filled with possibilities, colors, and textures\u2014bringing greater well-being, beauty, and coziness, so you can embrace everyone you love with your soul, expressed through your environments.<\/p>\n\n\n    <\/div>\n\n    <div class=\"block--image\">                        \n                <img decoding=\"async\" src=\"https:\/\/finger.ind.br\/wp-content\/uploads\/2025\/07\/Imagens-Soul-Collection-4.jpg\" alt=\"\">\n            <\/div>\n\n<\/div>\n\n\n<div id=\"imagefull-block_44546e917d3f1d3acf469b4f012fda8a\" class=\"block block--imagefull overlay \">\n\n    <div class=\"block--content\">\n\n        \n\n<h2 class=\"wp-block-heading\">Catalog<\/h2>\n\n\n\n<p>Check out the catalog of the new collection and get inspired.<\/p>\n\n\n\n<a class=\"btn btn-secondary\" href=\"https:\/\/finger.ind.br\/wp-content\/uploads\/2022\/04\/soul-collection.pdf\" target=\"_self\">\n    \n        \n    <span class=\"btn-label\">Download catalog<\/span>\n\n<\/a>\n\n\n    <\/div>\n\n    <div class=\"block--image\">                        \n                <img decoding=\"async\" src=\"https:\/\/finger.ind.br\/wp-content\/uploads\/2025\/07\/Catalogo.jpg\" alt=\"Cat\u00e1logo\">\n            <\/div>\n\n<\/div>\n\n\n\t\t\t<div id=\"slides-block_a8c83616b321a07c4139a51f449b8399\" class=\"block block--slides \">\n\n                <div class=\"container\"> \n\n\t\t\t\t\t\t\t\t\t\t<div class=\"block--heading\">                        \n                        <h2 class=\"block--title\">Environments<\/h2>\t\n\t\t\t\t\t\t<div class=\"block--description\"><p>Because a good space is not just where you live.<em> <strong>It&#8217;s where you find yourself.<\/strong><\/em><\/p>\n<\/div>\t\n                    <\/div>\n\t\t\t\t\t\t\n\n    \t\t\t\t<div class=\"block--content\">\n\n\t\t\t\t\t\t<div class=\"slides-slider swiper\" >\n\n\t\t\t\t\t\t\t<div class=\"swiper-wrapper\">\n\t\t\t\t\t\t\t\t\n\t\t\n\t\t\t\t\t\n\t\t\t\t\t\t\t\t<div class=\"swiper-slide\">\n\n\t\t\t\t\t\t\t\t\t<div class=\"slide--item\">                                    \n\n\t\t\t\t\t\t\t\t\t\t\t\t\t\t\t\t\t\t\t\t\t\t\t\t\t\t\t\t\t\t<a href=\"https:\/\/finger.ind.br\/en\/environments\/kitchen\" target=\"_self\" title=\"See the details\">\n\t\t\t\t\t\t\t\t\t\t\n\t\t\t\t\t\t\t\t\t\t\t<img decoding=\"async\" src=\"https:\/\/finger.ind.br\/wp-content\/uploads\/2025\/07\/Cozinha-3.jpg\" alt=\"Cozinha\">\n\t\t\t\n\t\t\t\t\t\t\t\t\t\t\t<span class=\"slide-title\">Kitchen<\/span>\n\t\t\t\t\t\t\t\t\t\t\t<span class=\"slide-description\">Functionality and beauty in perfect harmony. Live unique experiences in a kitchen tailored to your lifestyle.<\/span>\n\t\t\t\t\t\t\t\t\t\t\t<span class=\"btn btn-secondary\">See the details<\/span>\n\n\t\t\t\t\t\t\t\t\t\t\t\t\t\t\t\t\t\t\t\t\t<\/a>\n\t\t\t\t\t\t\t\t\t\t\t\t\t\t\t\t\t\t\t\t\t\t\n\t\t\t\t\t\t\t\t\t<\/div>\n\n\t\t\t\t\t\t\t\t<\/div>\n\t\t\n\t\t\n\t\t\t\t\t\n\t\t\t\t\t\t\t\t<div class=\"swiper-slide\">\n\n\t\t\t\t\t\t\t\t\t<div class=\"slide--item\">                                    \n\n\t\t\t\t\t\t\t\t\t\t\t\t\t\t\t\t\t\t\t\t\t\t\t\t\t\t\t\t\t\t<a href=\"https:\/\/finger.ind.br\/en\/environments\/living-room\" target=\"_self\" title=\"See the details\">\n\t\t\t\t\t\t\t\t\t\t\n\t\t\t\t\t\t\t\t\t\t\t<img decoding=\"async\" src=\"https:\/\/finger.ind.br\/wp-content\/uploads\/2025\/07\/Sala-5.jpg\" alt=\"Sala\">\n\t\t\t\n\t\t\t\t\t\t\t\t\t\t\t<span class=\"slide-title\">Living Room<\/span>\n\t\t\t\t\t\t\t\t\t\t\t<span class=\"slide-description\">The space where life takes shape. Planned furniture for your living room with refined design\u2014perfect for memories filled with comfort, style, and personality.<\/span>\n\t\t\t\t\t\t\t\t\t\t\t<span class=\"btn btn-secondary\">See the details<\/span>\n\n\t\t\t\t\t\t\t\t\t\t\t\t\t\t\t\t\t\t\t\t\t<\/a>\n\t\t\t\t\t\t\t\t\t\t\t\t\t\t\t\t\t\t\t\t\t\t\n\t\t\t\t\t\t\t\t\t<\/div>\n\n\t\t\t\t\t\t\t\t<\/div>\n\t\t\n\t\t\n\t\t\t\t\t\n\t\t\t\t\t\t\t\t<div class=\"swiper-slide\">\n\n\t\t\t\t\t\t\t\t\t<div class=\"slide--item\">                                    \n\n\t\t\t\t\t\t\t\t\t\t\t\t\t\t\t\t\t\t\t\t\t\t\t\t\t\t\t\t\t\t<a href=\"https:\/\/finger.ind.br\/en\/environments\/bedroom\" target=\"_self\" title=\"See the details\">\n\t\t\t\t\t\t\t\t\t\t\n\t\t\t\t\t\t\t\t\t\t\t<img decoding=\"async\" src=\"https:\/\/finger.ind.br\/wp-content\/uploads\/2025\/07\/Dormitorios-1.jpg\" alt=\"Dormit\u00f3rios\">\n\t\t\t\n\t\t\t\t\t\t\t\t\t\t\t<span class=\"slide-title\">Bedroom<\/span>\n\t\t\t\t\t\t\t\t\t\t\t<span class=\"slide-description\">More than a room, a retreat. Create your personalized bedroom that inspires tranquility, charm, and authenticity every day.<\/span>\n\t\t\t\t\t\t\t\t\t\t\t<span class=\"btn btn-secondary\">See the details<\/span>\n\n\t\t\t\t\t\t\t\t\t\t\t\t\t\t\t\t\t\t\t\t\t<\/a>\n\t\t\t\t\t\t\t\t\t\t\t\t\t\t\t\t\t\t\t\t\t\t\n\t\t\t\t\t\t\t\t\t<\/div>\n\n\t\t\t\t\t\t\t\t<\/div>\n\t\t\n\t\t\n\t\t\t\t\t\n\t\t\t\t\t\t\t\t<div class=\"swiper-slide\">\n\n\t\t\t\t\t\t\t\t\t<div class=\"slide--item\">                                    \n\n\t\t\t\t\t\t\t\t\t\t\t\t\t\t\t\t\t\t\t\t\t\t\t\t\t\t\t\t\t\t<a href=\"https:\/\/finger.ind.br\/en\/environments\/bathroom\" target=\"_self\" title=\"See the details\">\n\t\t\t\t\t\t\t\t\t\t\n\t\t\t\t\t\t\t\t\t\t\t<img decoding=\"async\" src=\"https:\/\/finger.ind.br\/wp-content\/uploads\/2025\/07\/Banheiro-3.jpg\" alt=\"Banheiro\">\n\t\t\t\n\t\t\t\t\t\t\t\t\t\t\t<span class=\"slide-title\">Bathroom<\/span>\n\t\t\t\t\t\t\t\t\t\t\t<span class=\"slide-description\">Elevate your routine with elegance. Planned bathrooms designed to welcome, surprise, and deliver well-being in every detail.<\/span>\n\t\t\t\t\t\t\t\t\t\t\t<span class=\"btn btn-secondary\">See the details<\/span>\n\n\t\t\t\t\t\t\t\t\t\t\t\t\t\t\t\t\t\t\t\t\t<\/a>\n\t\t\t\t\t\t\t\t\t\t\t\t\t\t\t\t\t\t\t\t\t\t\n\t\t\t\t\t\t\t\t\t<\/div>\n\n\t\t\t\t\t\t\t\t<\/div>\n\t\t\n\t\t\n\t\t\t\t\t\n\t\t\t\t\t\t\t\t<div class=\"swiper-slide\">\n\n\t\t\t\t\t\t\t\t\t<div class=\"slide--item\">                                    \n\n\t\t\t\t\t\t\t\t\t\t\t\t\t\t\t\t\t\t\t\t\t\t\t\t\t\t\t\t\t\t<a href=\"https:\/\/finger.ind.br\/en\/environments\/laundry-room\" target=\"_self\" title=\"See the details\">\n\t\t\t\t\t\t\t\t\t\t\n\t\t\t\t\t\t\t\t\t\t\t<img decoding=\"async\" src=\"https:\/\/finger.ind.br\/wp-content\/uploads\/2025\/07\/Lavanderia-2.jpg\" alt=\"Lavanderia\">\n\t\t\t\n\t\t\t\t\t\t\t\t\t\t\t<span class=\"slide-title\">Laundry Room<\/span>\n\t\t\t\t\t\t\t\t\t\t\t<span class=\"slide-description\">Practicality with style. Smart solutions for your laundry room that optimize your routine and enhance even the most functional spaces.<\/span>\n\t\t\t\t\t\t\t\t\t\t\t<span class=\"btn btn-secondary\">See the details<\/span>\n\n\t\t\t\t\t\t\t\t\t\t\t\t\t\t\t\t\t\t\t\t\t<\/a>\n\t\t\t\t\t\t\t\t\t\t\t\t\t\t\t\t\t\t\t\t\t\t\n\t\t\t\t\t\t\t\t\t<\/div>\n\n\t\t\t\t\t\t\t\t<\/div>\n\t\t\n\t\t\n\t\t\t\t\t\n\t\t\t\t\t\t\t\t<div class=\"swiper-slide\">\n\n\t\t\t\t\t\t\t\t\t<div class=\"slide--item\">                                    \n\n\t\t\t\t\t\t\t\t\t\t\t\t\t\t\t\t\t\t\t\t\t\t\t\t\t\t\t\t\t\t<a href=\"https:\/\/finger.ind.br\/en\/environments\/corporate\" target=\"_self\" title=\"See the details\">\n\t\t\t\t\t\t\t\t\t\t\n\t\t\t\t\t\t\t\t\t\t\t<img decoding=\"async\" src=\"https:\/\/finger.ind.br\/wp-content\/uploads\/2025\/07\/Corporativo-1.jpg\" alt=\"Corporativo\">\n\t\t\t\n\t\t\t\t\t\t\t\t\t\t\t<span class=\"slide-title\">Corporate<\/span>\n\t\t\t\t\t\t\t\t\t\t\t<span class=\"slide-description\">Corporate spaces with identity. Sophistication, ergonomics, and innovation to transform work into an inspiring and productive experience.<\/span>\n\t\t\t\t\t\t\t\t\t\t\t<span class=\"btn btn-secondary\">See the details<\/span>\n\n\t\t\t\t\t\t\t\t\t\t\t\t\t\t\t\t\t\t\t\t\t<\/a>\n\t\t\t\t\t\t\t\t\t\t\t\t\t\t\t\t\t\t\t\t\t\t\n\t\t\t\t\t\t\t\t\t<\/div>\n\n\t\t\t\t\t\t\t\t<\/div>\n\t\t\n\t\t                                            \n\t\t\t\t\t\t\t\t\n\t\t\t\t\t\t\t<\/div>\n\n\t\t\t\t\t\t\t\t\t\t\t\t\t\t<div class=\"swiper-pagination\"><\/div>\n\t\t\t\t\t\t\t\n\t\t\t\t\t\t\t\t\t\t\t\t\t\t<div class=\"swiper-button-prev\"><i class=\"icon-prev\"><\/i><\/div>\n\t\t\t\t\t\t\t<div class=\"swiper-button-next\"><i class=\"icon-next\"><\/i><\/div>\n\t\t\t\t\t\t\t\n\t\t\t\t\t\t<\/div>\n\n\t\t\t\t\t<\/div>                    \t\n\n\t\t\t\t\t\n                <\/div>\n\n            <\/div>\n            \n\n\n\n<div id=\"cta-block_05ee124a2f3ed4ea899db617ee530efa\" class=\"block--cta  cta-\">\n\n    <div class=\"container\">\n\n        <div class=\"block--content\">   \n            \n                  \n            \n                  \n\n                    \n            \n\n<h2 class=\"wp-block-heading\">Ready to transform your <strong><em>environment?<\/em><\/strong><\/h2>\n\n\n\n<a class=\"btn btn-secondary\" href=\"https:\/\/finger.ind.br\/en\/talk-to-us\" target=\"_self\">\n    \n        \n    <span class=\"btn-label\">I want my Finger space<\/span>\n\n<\/a>\n\n\n        <\/div>\n\n    <\/div>\n\n<\/div>","protected":false},"excerpt":{"rendered":"","protected":false},"author":1,"featured_media":0,"parent":0,"menu_order":5,"comment_status":"closed","ping_status":"closed","template":"","meta":{"_acf_changed":false,"footnotes":""},"class_list":["post-208732","page","type-page","status-publish","hentry"],"acf":[],"yoast_head":"<!-- This site is optimized with the Yoast SEO plugin v27.3 - https:\/\/yoast.com\/product\/yoast-seo-wordpress\/ -->\n<title>Soul Collection - Finger M\u00f3veis Planejados<\/title>\n<meta name=\"description\" content=\"Desperte a alma dos seus ambientes. Conhe\u00e7a a Soul Collection, a nova cole\u00e7\u00e3o da Finger, que ir\u00e1 tocar a sua alma.\" \/>\n<meta name=\"robots\" content=\"index, follow, max-snippet:-1, max-image-preview:large, max-video-preview:-1\" \/>\n<link rel=\"canonical\" href=\"https:\/\/finger.ind.br\/en\/soul-collection\/\" \/>\n<meta property=\"og:locale\" content=\"en_US\" \/>\n<meta property=\"og:type\" content=\"article\" \/>\n<meta property=\"og:title\" content=\"Soul Collection - Finger M\u00f3veis Planejados\" \/>\n<meta property=\"og:description\" content=\"Desperte a alma dos seus ambientes. Conhe\u00e7a a Soul Collection, a nova cole\u00e7\u00e3o da Finger, que ir\u00e1 tocar a sua alma.\" \/>\n<meta property=\"og:url\" content=\"https:\/\/finger.ind.br\/en\/soul-collection\/\" \/>\n<meta property=\"og:site_name\" content=\"Finger M\u00f3veis Planejados\" \/>\n<meta property=\"article:modified_time\" content=\"2025-08-23T18:25:39+00:00\" \/>\n<meta name=\"twitter:card\" content=\"summary_large_image\" \/>\n<meta name=\"twitter:label1\" content=\"Est. reading time\" \/>\n\t<meta name=\"twitter:data1\" content=\"1 minute\" \/>\n<script type=\"application\/ld+json\" class=\"yoast-schema-graph\">{\"@context\":\"https:\\\/\\\/schema.org\",\"@graph\":[{\"@type\":\"WebPage\",\"@id\":\"https:\\\/\\\/finger.ind.br\\\/en\\\/soul-collection\\\/\",\"url\":\"https:\\\/\\\/finger.ind.br\\\/en\\\/soul-collection\\\/\",\"name\":\"Soul Collection - Finger M\u00f3veis Planejados\",\"isPartOf\":{\"@id\":\"https:\\\/\\\/finger.ind.br\\\/en\\\/2025\\\/#website\"},\"datePublished\":\"2025-07-21T14:33:13+00:00\",\"dateModified\":\"2025-08-23T18:25:39+00:00\",\"description\":\"Desperte a alma dos seus ambientes. Conhe\u00e7a a Soul Collection, a nova cole\u00e7\u00e3o da Finger, que ir\u00e1 tocar a sua alma.\",\"breadcrumb\":{\"@id\":\"https:\\\/\\\/finger.ind.br\\\/en\\\/soul-collection\\\/#breadcrumb\"},\"inLanguage\":\"en-US\",\"potentialAction\":[{\"@type\":\"ReadAction\",\"target\":[\"https:\\\/\\\/finger.ind.br\\\/en\\\/soul-collection\\\/\"]}]},{\"@type\":\"BreadcrumbList\",\"@id\":\"https:\\\/\\\/finger.ind.br\\\/en\\\/soul-collection\\\/#breadcrumb\",\"itemListElement\":[{\"@type\":\"ListItem\",\"position\":1,\"name\":\"In\u00edcio\",\"item\":\"https:\\\/\\\/finger.ind.br\\\/en\\\/\"},{\"@type\":\"ListItem\",\"position\":2,\"name\":\"Soul Collection\"}]},{\"@type\":\"WebSite\",\"@id\":\"https:\\\/\\\/finger.ind.br\\\/en\\\/2025\\\/#website\",\"url\":\"https:\\\/\\\/finger.ind.br\\\/en\\\/2025\\\/\",\"name\":\"Finger M\u00f3veis Planejados\",\"description\":\"A precis\u00e3o alem\u00e3 com o melhor do design.\",\"potentialAction\":[{\"@type\":\"SearchAction\",\"target\":{\"@type\":\"EntryPoint\",\"urlTemplate\":\"https:\\\/\\\/finger.ind.br\\\/en\\\/2025\\\/?s={search_term_string}\"},\"query-input\":{\"@type\":\"PropertyValueSpecification\",\"valueRequired\":true,\"valueName\":\"search_term_string\"}}],\"inLanguage\":\"en-US\"}]}<\/script>\n<!-- \/ Yoast SEO plugin. -->","yoast_head_json":{"title":"Soul Collection - Finger M\u00f3veis Planejados","description":"Desperte a alma dos seus ambientes. Conhe\u00e7a a Soul Collection, a nova cole\u00e7\u00e3o da Finger, que ir\u00e1 tocar a sua alma.","robots":{"index":"index","follow":"follow","max-snippet":"max-snippet:-1","max-image-preview":"max-image-preview:large","max-video-preview":"max-video-preview:-1"},"canonical":"https:\/\/finger.ind.br\/en\/soul-collection\/","og_locale":"en_US","og_type":"article","og_title":"Soul Collection - Finger M\u00f3veis Planejados","og_description":"Desperte a alma dos seus ambientes. Conhe\u00e7a a Soul Collection, a nova cole\u00e7\u00e3o da Finger, que ir\u00e1 tocar a sua alma.","og_url":"https:\/\/finger.ind.br\/en\/soul-collection\/","og_site_name":"Finger M\u00f3veis Planejados","article_modified_time":"2025-08-23T18:25:39+00:00","twitter_card":"summary_large_image","twitter_misc":{"Est. reading time":"1 minute"},"schema":{"@context":"https:\/\/schema.org","@graph":[{"@type":"WebPage","@id":"https:\/\/finger.ind.br\/en\/soul-collection\/","url":"https:\/\/finger.ind.br\/en\/soul-collection\/","name":"Soul Collection - Finger M\u00f3veis Planejados","isPartOf":{"@id":"https:\/\/finger.ind.br\/en\/2025\/#website"},"datePublished":"2025-07-21T14:33:13+00:00","dateModified":"2025-08-23T18:25:39+00:00","description":"Desperte a alma dos seus ambientes. Conhe\u00e7a a Soul Collection, a nova cole\u00e7\u00e3o da Finger, que ir\u00e1 tocar a sua alma.","breadcrumb":{"@id":"https:\/\/finger.ind.br\/en\/soul-collection\/#breadcrumb"},"inLanguage":"en-US","potentialAction":[{"@type":"ReadAction","target":["https:\/\/finger.ind.br\/en\/soul-collection\/"]}]},{"@type":"BreadcrumbList","@id":"https:\/\/finger.ind.br\/en\/soul-collection\/#breadcrumb","itemListElement":[{"@type":"ListItem","position":1,"name":"In\u00edcio","item":"https:\/\/finger.ind.br\/en\/"},{"@type":"ListItem","position":2,"name":"Soul Collection"}]},{"@type":"WebSite","@id":"https:\/\/finger.ind.br\/en\/2025\/#website","url":"https:\/\/finger.ind.br\/en\/2025\/","name":"Finger M\u00f3veis Planejados","description":"A precis\u00e3o alem\u00e3 com o melhor do design.","potentialAction":[{"@type":"SearchAction","target":{"@type":"EntryPoint","urlTemplate":"https:\/\/finger.ind.br\/en\/2025\/?s={search_term_string}"},"query-input":{"@type":"PropertyValueSpecification","valueRequired":true,"valueName":"search_term_string"}}],"inLanguage":"en-US"}]}},"amp_enabled":true,"_links":{"self":[{"href":"https:\/\/finger.ind.br\/en\/wp-json\/wp\/v2\/pages\/208732","targetHints":{"allow":["GET"]}}],"collection":[{"href":"https:\/\/finger.ind.br\/en\/wp-json\/wp\/v2\/pages"}],"about":[{"href":"https:\/\/finger.ind.br\/en\/wp-json\/wp\/v2\/types\/page"}],"author":[{"embeddable":true,"href":"https:\/\/finger.ind.br\/en\/wp-json\/wp\/v2\/users\/1"}],"replies":[{"embeddable":true,"href":"https:\/\/finger.ind.br\/en\/wp-json\/wp\/v2\/comments?post=208732"}],"version-history":[{"count":9,"href":"https:\/\/finger.ind.br\/en\/wp-json\/wp\/v2\/pages\/208732\/revisions"}],"predecessor-version":[{"id":208818,"href":"https:\/\/finger.ind.br\/en\/wp-json\/wp\/v2\/pages\/208732\/revisions\/208818"}],"wp:attachment":[{"href":"https:\/\/finger.ind.br\/en\/wp-json\/wp\/v2\/media?parent=208732"}],"curies":[{"name":"wp","href":"https:\/\/api.w.org\/{rel}","templated":true}]}}