{"id":208740,"date":"2018-12-19T16:55:31","date_gmt":"2018-12-19T18:55:31","guid":{"rendered":"https:\/\/finger.ind.br\/?page_id=208740"},"modified":"2026-03-26T10:01:34","modified_gmt":"2026-03-26T13:01:34","slug":"home","status":"publish","type":"page","link":"https:\/\/finger.ind.br\/en\/","title":{"rendered":"Home"},"content":{"rendered":"\n        <div class=\"block block--hero-slider\" id=\"hero-block_5dbe0c05e74395237c01d162ce010894\">\n\n        <div class=\"hero-slider swiper\" >\n            <div class=\"swiper-wrapper\">\n\n                                <div class=\"swiper-slide\">\n\n                    <div class=\"block block--hero\">\n\n                        <div class=\"container\">                    \n\n                            <div class=\"block--content\">\n\n                                                                \n                                                        \n                                <h2 class=\"block--title\">Environments that inspire, embrace, and transform.<\/h2>                        \n                                \n                                                                                    \n                                                                <div class=\"btn-group\">\n                                                                        <a class=\"btn btn-primary\" href=\"#environments\">Discover the space that matches your essence.<\/a>\n                                    \n                                                                \n                                <\/div>\n                                \n                            <\/div>                                                                                      \n\n                        <\/div>\n\n                                                <div class=\"hero-video\">\n                            <video autoplay loop muted playsinline>\n                                <source src=\"https:\/\/finger.ind.br\/wp-content\/uploads\/2026\/03\/bloco-nova-colecao-1.mp4\" type=\"video\/mp4\">                            \n                            <\/video>\n                        <\/div>  \n                                              \n\n                    <\/div> \n\n                <\/div>\n                \n            <\/div>\n\n                        <div class=\"swiper-pagination\"><\/div>\n            \n            \n        <\/div>\n\n    <\/div>\n    \n\n\n<div id=\"imagecolumn-block_de5012e19f812c42750bbd27d7be5276\" class=\"block block--imagecolumn default content-reverse title-mark\">\n\n    <div class=\"block--content\">\n        \n\n<h2 class=\"wp-block-heading\">Well-being<\/h2>\n\n\n\n<p>Design that honors who you are.<br>Custom furniture that fits your routine and enhances your well-being.<\/p>\n\n\n\n<a class=\"btn btn-secondary\" href=\"https:\/\/finger.ind.br\/en\/talk-to-us\" target=\"_self\">\n    \n        \n    <span class=\"btn-label\">I want my Finger space<\/span>\n\n<\/a>\n\n    <\/div>\n\n    <div class=\"block--image\">                        \n                <img decoding=\"async\" src=\"https:\/\/finger.ind.br\/wp-content\/uploads\/2025\/08\/img-1.jpg\" alt=\"ambiente finger\">\n            <\/div>\n\n<\/div>\n\n\n\t\t\t<div id=\"environments\" class=\"block block--slides \">\n\n                <div class=\"container\"> \n\n\t\t\t\t\t\t\t\t\t\t<div class=\"block--heading\">                        \n                        <h2 class=\"block--title\">Environments<\/h2>\t\n\t\t\t\t\t\t<div class=\"block--description\"><p>Because a good space is not just where you live.<em> <strong>It&#8217;s where you find yourself.<\/strong><\/em><\/p>\n<\/div>\t\n                    <\/div>\n\t\t\t\t\t\t\n\n    \t\t\t\t<div class=\"block--content\">\n\n\t\t\t\t\t\t<div class=\"slides-slider swiper\" >\n\n\t\t\t\t\t\t\t<div class=\"swiper-wrapper\">\n\t\t\t\t\t\t\t\t\n\t\t\n\t\t\t\t\t\n\t\t\t\t\t\t\t\t<div class=\"swiper-slide\">\n\n\t\t\t\t\t\t\t\t\t<div class=\"slide--item\">                                    \n\n\t\t\t\t\t\t\t\t\t\t\t\t\t\t\t\t\t\t\t\t\t\t\t\t\t\t\t\t\t\t<a href=\"https:\/\/finger.ind.br\/en\/environments\/kitchen\" target=\"_self\" title=\"See the details\">\n\t\t\t\t\t\t\t\t\t\t\n\t\t\t\t\t\t\t\t\t\t\t<img decoding=\"async\" src=\"https:\/\/finger.ind.br\/wp-content\/uploads\/2026\/03\/home-1.png\" alt=\"\">\n\t\t\t\n\t\t\t\t\t\t\t\t\t\t\t<span class=\"slide-title\">Kitchen<\/span>\n\t\t\t\t\t\t\t\t\t\t\t<span class=\"slide-description\">Functionality and beauty in perfect harmony. Live unique experiences in a kitchen tailored to your lifestyle.<\/span>\n\t\t\t\t\t\t\t\t\t\t\t<span class=\"btn btn-secondary\">See the details<\/span>\n\n\t\t\t\t\t\t\t\t\t\t\t\t\t\t\t\t\t\t\t\t\t<\/a>\n\t\t\t\t\t\t\t\t\t\t\t\t\t\t\t\t\t\t\t\t\t\t\n\t\t\t\t\t\t\t\t\t<\/div>\n\n\t\t\t\t\t\t\t\t<\/div>\n\t\t\n\t\t\n\t\t\t\t\t\n\t\t\t\t\t\t\t\t<div class=\"swiper-slide\">\n\n\t\t\t\t\t\t\t\t\t<div class=\"slide--item\">                                    \n\n\t\t\t\t\t\t\t\t\t\t\t\t\t\t\t\t\t\t\t\t\t\t\t\t\t\t\t\t\t\t<a href=\"https:\/\/finger.ind.br\/en\/environments\/living-room\" target=\"_self\" title=\"See the details\">\n\t\t\t\t\t\t\t\t\t\t\n\t\t\t\t\t\t\t\t\t\t\t<img decoding=\"async\" src=\"https:\/\/finger.ind.br\/wp-content\/uploads\/2026\/03\/home-3.png\" alt=\"\">\n\t\t\t\n\t\t\t\t\t\t\t\t\t\t\t<span class=\"slide-title\">Living Room<\/span>\n\t\t\t\t\t\t\t\t\t\t\t<span class=\"slide-description\">The space where life takes shape. Planned furniture for your living room with refined design\u2014perfect for memories filled with comfort, style, and personality.<\/span>\n\t\t\t\t\t\t\t\t\t\t\t<span class=\"btn btn-secondary\">See the details<\/span>\n\n\t\t\t\t\t\t\t\t\t\t\t\t\t\t\t\t\t\t\t\t\t<\/a>\n\t\t\t\t\t\t\t\t\t\t\t\t\t\t\t\t\t\t\t\t\t\t\n\t\t\t\t\t\t\t\t\t<\/div>\n\n\t\t\t\t\t\t\t\t<\/div>\n\t\t\n\t\t\n\t\t\t\t\t\n\t\t\t\t\t\t\t\t<div class=\"swiper-slide\">\n\n\t\t\t\t\t\t\t\t\t<div class=\"slide--item\">                                    \n\n\t\t\t\t\t\t\t\t\t\t\t\t\t\t\t\t\t\t\t\t\t\t\t\t\t\t\t\t\t\t<a href=\"https:\/\/finger.ind.br\/en\/environments\/bedroom\" target=\"_self\" title=\"See the details\">\n\t\t\t\t\t\t\t\t\t\t\n\t\t\t\t\t\t\t\t\t\t\t<img decoding=\"async\" src=\"https:\/\/finger.ind.br\/wp-content\/uploads\/2026\/03\/home-6.png\" alt=\"\">\n\t\t\t\n\t\t\t\t\t\t\t\t\t\t\t<span class=\"slide-title\">Bedroom<\/span>\n\t\t\t\t\t\t\t\t\t\t\t<span class=\"slide-description\">More than a room, a retreat. Create your personalized bedroom that inspires tranquility, charm, and authenticity every day.<\/span>\n\t\t\t\t\t\t\t\t\t\t\t<span class=\"btn btn-secondary\">See the details<\/span>\n\n\t\t\t\t\t\t\t\t\t\t\t\t\t\t\t\t\t\t\t\t\t<\/a>\n\t\t\t\t\t\t\t\t\t\t\t\t\t\t\t\t\t\t\t\t\t\t\n\t\t\t\t\t\t\t\t\t<\/div>\n\n\t\t\t\t\t\t\t\t<\/div>\n\t\t\n\t\t\n\t\t\t\t\t\n\t\t\t\t\t\t\t\t<div class=\"swiper-slide\">\n\n\t\t\t\t\t\t\t\t\t<div class=\"slide--item\">                                    \n\n\t\t\t\t\t\t\t\t\t\t\t\t\t\t\t\t\t\t\t\t\t\t\t\t\t\t\t\t\t\t<a href=\"https:\/\/finger.ind.br\/en\/environments\/bathroom\" target=\"_self\" title=\"See the details\">\n\t\t\t\t\t\t\t\t\t\t\n\t\t\t\t\t\t\t\t\t\t\t<img decoding=\"async\" src=\"https:\/\/finger.ind.br\/wp-content\/uploads\/2026\/03\/home-9.png\" alt=\"\">\n\t\t\t\n\t\t\t\t\t\t\t\t\t\t\t<span class=\"slide-title\">Bathroom<\/span>\n\t\t\t\t\t\t\t\t\t\t\t<span class=\"slide-description\">Elevate your routine with elegance. Planned bathrooms designed to welcome, surprise, and deliver well-being in every detail.<\/span>\n\t\t\t\t\t\t\t\t\t\t\t<span class=\"btn btn-secondary\">See the details<\/span>\n\n\t\t\t\t\t\t\t\t\t\t\t\t\t\t\t\t\t\t\t\t\t<\/a>\n\t\t\t\t\t\t\t\t\t\t\t\t\t\t\t\t\t\t\t\t\t\t\n\t\t\t\t\t\t\t\t\t<\/div>\n\n\t\t\t\t\t\t\t\t<\/div>\n\t\t\n\t\t\n\t\t\t\t\t\n\t\t\t\t\t\t\t\t<div class=\"swiper-slide\">\n\n\t\t\t\t\t\t\t\t\t<div class=\"slide--item\">                                    \n\n\t\t\t\t\t\t\t\t\t\t\t\t\t\t\t\t\t\t\t\t\t\t\t\t\t\t\t\t\t\t<a href=\"https:\/\/finger.ind.br\/en\/environments\/laundry-room\" target=\"_self\" title=\"See the details\">\n\t\t\t\t\t\t\t\t\t\t\n\t\t\t\t\t\t\t\t\t\t\t<img decoding=\"async\" src=\"https:\/\/finger.ind.br\/wp-content\/uploads\/2026\/03\/home-12.png\" alt=\"\">\n\t\t\t\n\t\t\t\t\t\t\t\t\t\t\t<span class=\"slide-title\">Laundry Room<\/span>\n\t\t\t\t\t\t\t\t\t\t\t<span class=\"slide-description\">Practicality with style. Smart solutions for your laundry room that optimize your routine and enhance even the most functional spaces.<\/span>\n\t\t\t\t\t\t\t\t\t\t\t<span class=\"btn btn-secondary\">See the details<\/span>\n\n\t\t\t\t\t\t\t\t\t\t\t\t\t\t\t\t\t\t\t\t\t<\/a>\n\t\t\t\t\t\t\t\t\t\t\t\t\t\t\t\t\t\t\t\t\t\t\n\t\t\t\t\t\t\t\t\t<\/div>\n\n\t\t\t\t\t\t\t\t<\/div>\n\t\t\n\t\t\n\t\t\t\t\t\n\t\t\t\t\t\t\t\t<div class=\"swiper-slide\">\n\n\t\t\t\t\t\t\t\t\t<div class=\"slide--item\">                                    \n\n\t\t\t\t\t\t\t\t\t\t\t\t\t\t\t\t\t\t\t\t\t\t\t\t\t\t\t\t\t\t<a href=\"https:\/\/finger.ind.br\/en\/environments\/corporate\" target=\"_self\" title=\"See the details\">\n\t\t\t\t\t\t\t\t\t\t\n\t\t\t\t\t\t\t\t\t\t\t<img decoding=\"async\" src=\"https:\/\/finger.ind.br\/wp-content\/uploads\/2026\/03\/home-16.png\" alt=\"\">\n\t\t\t\n\t\t\t\t\t\t\t\t\t\t\t<span class=\"slide-title\">Corporate<\/span>\n\t\t\t\t\t\t\t\t\t\t\t<span class=\"slide-description\">Corporate spaces with identity. Sophistication, ergonomics, and innovation to transform work into an inspiring and productive experience.<\/span>\n\t\t\t\t\t\t\t\t\t\t\t<span class=\"btn btn-secondary\">See the details<\/span>\n\n\t\t\t\t\t\t\t\t\t\t\t\t\t\t\t\t\t\t\t\t\t<\/a>\n\t\t\t\t\t\t\t\t\t\t\t\t\t\t\t\t\t\t\t\t\t\t\n\t\t\t\t\t\t\t\t\t<\/div>\n\n\t\t\t\t\t\t\t\t<\/div>\n\t\t\n\t\t                                            \n\t\t\t\t\t\t\t\t\n\t\t\t\t\t\t\t<\/div>\n\n\t\t\t\t\t\t\t\t\t\t\t\t\t\t<div class=\"swiper-pagination\"><\/div>\n\t\t\t\t\t\t\t\n\t\t\t\t\t\t\t\t\t\t\t\t\t\t<div class=\"swiper-button-prev\"><i class=\"icon-prev\"><\/i><\/div>\n\t\t\t\t\t\t\t<div class=\"swiper-button-next\"><i class=\"icon-next\"><\/i><\/div>\n\t\t\t\t\t\t\t\n\t\t\t\t\t\t<\/div>\n\n\t\t\t\t\t<\/div>                    \t\n\n\t\t\t\t\t\n                <\/div>\n\n            <\/div>\n            \n\n\n\n<div id=\"imagefull-block_a229372e0e9734b8b8cd78ad260bc443\" class=\"block block--imagefull overlay default\">\n\n    <div class=\"block--content\">\n\n        \n\n<figure class=\"wp-block-image size-large\"><img loading=\"lazy\" decoding=\"async\" width=\"476\" height=\"316\" src=\"https:\/\/finger.ind.br\/wp-content\/uploads\/2026\/03\/bloco-nova-colecao-3.svg\" alt=\"\" class=\"wp-image-213508\"\/><\/figure>\n\n\n\n<a class=\"btn btn-secondary\" href=\"https:\/\/finger.ind.br\/en\/manifesto-zeithaus-collection\/\" target=\"_self\">\n    \n        \n    <span class=\"btn-label\">Explore the new collection<\/span>\n\n<\/a>\n\n\n    <\/div>\n\n    <div class=\"block--image\">                        \n                <img decoding=\"async\" src=\"https:\/\/finger.ind.br\/wp-content\/uploads\/2026\/03\/bloco-nova-colecao.jpg\" alt=\"cozinha cole\u00e7\u00e3o zeit\">\n            <\/div>\n\n<\/div>\n\n\n<div id=\"imagecolumn-block_f8e5954418ccfaf97d3321bbb4dce6ae\" class=\"block block--imagecolumn default\">\n\n    <div class=\"block--content\">\n        \n\n<h2 class=\"wp-block-heading\">About Finger<\/h2>\n\n\n\n<p>Creating personalized spaces is more than an aesthetic commitment.<br>It\u2019s a conscious choice for well-being\u2014today and for the future.<\/p>\n\n\n\n<a class=\"btn btn-secondary\" href=\"https:\/\/finger.ind.br\/en\/about-finger\" target=\"_self\">\n    \n        \n    <span class=\"btn-label\">Discover our story<\/span>\n\n<\/a>\n\n    <\/div>\n\n    <div class=\"block--image\">                        \n                <img decoding=\"async\" src=\"https:\/\/finger.ind.br\/wp-content\/uploads\/2025\/08\/img-7.jpg\" alt=\"Finger - imagem a\u00e9rea\">\n            <\/div>\n\n<\/div>\n\n\n<div id=\"cta-block_5fa86b5eca719b665edb060526e097fd\" class=\"block--cta  cta-\">\n\n    <div class=\"container\">\n\n        <div class=\"block--content\">   \n            \n                  \n            \n                  \n\n                    \n            \n\n<h2 class=\"wp-block-heading\">Ready to transform your <strong><em>environment?<\/em><\/strong><\/h2>\n\n\n\n<a class=\"btn btn-secondary\" href=\"https:\/\/finger.ind.br\/en\/talk-to-us\" target=\"_self\">\n    \n        \n    <span class=\"btn-label\">I want my Finger space<\/span>\n\n<\/a>\n\n\n        <\/div>\n\n    <\/div>\n\n<\/div>","protected":false},"excerpt":{"rendered":"","protected":false},"author":1,"featured_media":0,"parent":0,"menu_order":0,"comment_status":"closed","ping_status":"closed","template":"","meta":{"_acf_changed":false,"footnotes":""},"class_list":["post-208740","page","type-page","status-publish","hentry"],"acf":[],"yoast_head":"<!-- This site is optimized with the Yoast SEO plugin v27.5 - https:\/\/yoast.com\/product\/yoast-seo-wordpress\/ -->\n<title>Finger Custom Furniture: the best of European Design<\/title>\n<meta name=\"description\" content=\"Finger M\u00f3veis Planejados is a company whose mission is to focus on detail and innovation, providing well-being.\" \/>\n<meta name=\"robots\" content=\"index, follow, max-snippet:-1, max-image-preview:large, max-video-preview:-1\" \/>\n<link rel=\"canonical\" href=\"https:\/\/finger.ind.br\/en\/\" \/>\n<meta property=\"og:locale\" content=\"en_US\" \/>\n<meta property=\"og:type\" content=\"article\" \/>\n<meta property=\"og:title\" content=\"Finger Custom Furniture: the best of European Design\" \/>\n<meta property=\"og:description\" content=\"Finger M\u00f3veis Planejados is a company whose mission is to focus on detail and innovation, providing well-being.\" \/>\n<meta property=\"og:url\" content=\"https:\/\/finger.ind.br\/en\/\" \/>\n<meta property=\"og:site_name\" content=\"Finger M\u00f3veis Planejados\" \/>\n<meta property=\"article:modified_time\" content=\"2026-03-26T13:01:34+00:00\" \/>\n<meta property=\"og:image\" content=\"https:\/\/finger.ind.br\/wp-content\/uploads\/2026\/03\/bloco-nova-colecao-3.svg\" \/>\n<meta name=\"twitter:card\" content=\"summary_large_image\" \/>\n<script type=\"application\/ld+json\" class=\"yoast-schema-graph\">{\"@context\":\"https:\\\/\\\/schema.org\",\"@graph\":[{\"@type\":\"WebPage\",\"@id\":\"https:\\\/\\\/finger.ind.br\\\/en\\\/\",\"url\":\"https:\\\/\\\/finger.ind.br\\\/en\\\/\",\"name\":\"Finger Custom Furniture: the best of European Design\",\"isPartOf\":{\"@id\":\"https:\\\/\\\/finger.ind.br\\\/en\\\/2025\\\/#website\"},\"primaryImageOfPage\":{\"@id\":\"https:\\\/\\\/finger.ind.br\\\/en\\\/#primaryimage\"},\"image\":{\"@id\":\"https:\\\/\\\/finger.ind.br\\\/en\\\/#primaryimage\"},\"thumbnailUrl\":\"https:\\\/\\\/finger.ind.br\\\/wp-content\\\/uploads\\\/2026\\\/03\\\/bloco-nova-colecao-3.svg\",\"datePublished\":\"2018-12-19T18:55:31+00:00\",\"dateModified\":\"2026-03-26T13:01:34+00:00\",\"description\":\"Finger M\u00f3veis Planejados is a company whose mission is to focus on detail and innovation, providing well-being.\",\"breadcrumb\":{\"@id\":\"https:\\\/\\\/finger.ind.br\\\/en\\\/#breadcrumb\"},\"inLanguage\":\"en-US\",\"potentialAction\":[{\"@type\":\"ReadAction\",\"target\":[\"https:\\\/\\\/finger.ind.br\\\/en\\\/\"]}]},{\"@type\":\"ImageObject\",\"inLanguage\":\"en-US\",\"@id\":\"https:\\\/\\\/finger.ind.br\\\/en\\\/#primaryimage\",\"url\":\"https:\\\/\\\/finger.ind.br\\\/wp-content\\\/uploads\\\/2026\\\/03\\\/bloco-nova-colecao-3.svg\",\"contentUrl\":\"https:\\\/\\\/finger.ind.br\\\/wp-content\\\/uploads\\\/2026\\\/03\\\/bloco-nova-colecao-3.svg\"},{\"@type\":\"BreadcrumbList\",\"@id\":\"https:\\\/\\\/finger.ind.br\\\/en\\\/#breadcrumb\",\"itemListElement\":[{\"@type\":\"ListItem\",\"position\":1,\"name\":\"In\u00edcio\",\"item\":\"https:\\\/\\\/finger.ind.br\\\/en\\\/\"},{\"@type\":\"ListItem\",\"position\":2,\"name\":\"Home\"}]},{\"@type\":\"WebSite\",\"@id\":\"https:\\\/\\\/finger.ind.br\\\/en\\\/2025\\\/#website\",\"url\":\"https:\\\/\\\/finger.ind.br\\\/en\\\/2025\\\/\",\"name\":\"Finger M\u00f3veis Planejados\",\"description\":\"A precis\u00e3o alem\u00e3 com o melhor do design.\",\"potentialAction\":[{\"@type\":\"SearchAction\",\"target\":{\"@type\":\"EntryPoint\",\"urlTemplate\":\"https:\\\/\\\/finger.ind.br\\\/en\\\/2025\\\/?s={search_term_string}\"},\"query-input\":{\"@type\":\"PropertyValueSpecification\",\"valueRequired\":true,\"valueName\":\"search_term_string\"}}],\"inLanguage\":\"en-US\"}]}<\/script>\n<!-- \/ Yoast SEO plugin. -->","yoast_head_json":{"title":"Finger Custom Furniture: the best of European Design","description":"Finger M\u00f3veis Planejados is a company whose mission is to focus on detail and innovation, providing well-being.","robots":{"index":"index","follow":"follow","max-snippet":"max-snippet:-1","max-image-preview":"max-image-preview:large","max-video-preview":"max-video-preview:-1"},"canonical":"https:\/\/finger.ind.br\/en\/","og_locale":"en_US","og_type":"article","og_title":"Finger Custom Furniture: the best of European Design","og_description":"Finger M\u00f3veis Planejados is a company whose mission is to focus on detail and innovation, providing well-being.","og_url":"https:\/\/finger.ind.br\/en\/","og_site_name":"Finger M\u00f3veis Planejados","article_modified_time":"2026-03-26T13:01:34+00:00","og_image":[{"url":"https:\/\/finger.ind.br\/wp-content\/uploads\/2026\/03\/bloco-nova-colecao-3.svg","type":"","width":"","height":""}],"twitter_card":"summary_large_image","schema":{"@context":"https:\/\/schema.org","@graph":[{"@type":"WebPage","@id":"https:\/\/finger.ind.br\/en\/","url":"https:\/\/finger.ind.br\/en\/","name":"Finger Custom Furniture: the best of European Design","isPartOf":{"@id":"https:\/\/finger.ind.br\/en\/2025\/#website"},"primaryImageOfPage":{"@id":"https:\/\/finger.ind.br\/en\/#primaryimage"},"image":{"@id":"https:\/\/finger.ind.br\/en\/#primaryimage"},"thumbnailUrl":"https:\/\/finger.ind.br\/wp-content\/uploads\/2026\/03\/bloco-nova-colecao-3.svg","datePublished":"2018-12-19T18:55:31+00:00","dateModified":"2026-03-26T13:01:34+00:00","description":"Finger M\u00f3veis Planejados is a company whose mission is to focus on detail and innovation, providing well-being.","breadcrumb":{"@id":"https:\/\/finger.ind.br\/en\/#breadcrumb"},"inLanguage":"en-US","potentialAction":[{"@type":"ReadAction","target":["https:\/\/finger.ind.br\/en\/"]}]},{"@type":"ImageObject","inLanguage":"en-US","@id":"https:\/\/finger.ind.br\/en\/#primaryimage","url":"https:\/\/finger.ind.br\/wp-content\/uploads\/2026\/03\/bloco-nova-colecao-3.svg","contentUrl":"https:\/\/finger.ind.br\/wp-content\/uploads\/2026\/03\/bloco-nova-colecao-3.svg"},{"@type":"BreadcrumbList","@id":"https:\/\/finger.ind.br\/en\/#breadcrumb","itemListElement":[{"@type":"ListItem","position":1,"name":"In\u00edcio","item":"https:\/\/finger.ind.br\/en\/"},{"@type":"ListItem","position":2,"name":"Home"}]},{"@type":"WebSite","@id":"https:\/\/finger.ind.br\/en\/2025\/#website","url":"https:\/\/finger.ind.br\/en\/2025\/","name":"Finger M\u00f3veis Planejados","description":"A precis\u00e3o alem\u00e3 com o melhor do design.","potentialAction":[{"@type":"SearchAction","target":{"@type":"EntryPoint","urlTemplate":"https:\/\/finger.ind.br\/en\/2025\/?s={search_term_string}"},"query-input":{"@type":"PropertyValueSpecification","valueRequired":true,"valueName":"search_term_string"}}],"inLanguage":"en-US"}]}},"amp_enabled":false,"_links":{"self":[{"href":"https:\/\/finger.ind.br\/en\/wp-json\/wp\/v2\/pages\/208740","targetHints":{"allow":["GET"]}}],"collection":[{"href":"https:\/\/finger.ind.br\/en\/wp-json\/wp\/v2\/pages"}],"about":[{"href":"https:\/\/finger.ind.br\/en\/wp-json\/wp\/v2\/types\/page"}],"author":[{"embeddable":true,"href":"https:\/\/finger.ind.br\/en\/wp-json\/wp\/v2\/users\/1"}],"replies":[{"embeddable":true,"href":"https:\/\/finger.ind.br\/en\/wp-json\/wp\/v2\/comments?post=208740"}],"version-history":[{"count":10,"href":"https:\/\/finger.ind.br\/en\/wp-json\/wp\/v2\/pages\/208740\/revisions"}],"predecessor-version":[{"id":213732,"href":"https:\/\/finger.ind.br\/en\/wp-json\/wp\/v2\/pages\/208740\/revisions\/213732"}],"wp:attachment":[{"href":"https:\/\/finger.ind.br\/en\/wp-json\/wp\/v2\/media?parent=208740"}],"curies":[{"name":"wp","href":"https:\/\/api.w.org\/{rel}","templated":true}]}}