{"id":213205,"date":"2026-03-06T14:03:28","date_gmt":"2026-03-06T17:03:28","guid":{"rendered":"https:\/\/finger.ind.br\/?page_id=213205"},"modified":"2026-03-19T17:02:29","modified_gmt":"2026-03-19T20:02:29","slug":"manifesto-zeithaus-collection","status":"publish","type":"page","link":"https:\/\/finger.ind.br\/en\/manifesto-zeithaus-collection\/","title":{"rendered":"Manifest Zeithaus Collection"},"content":{"rendered":"\n\t\t\t<div id=\"\" class=\"block block--page-heading  heading-image heading-logo\">\n\n                <div class=\"container\">                                         \n\n                    <div class=\"block--breadcrumb\">\n                        <ul class=\"breadcrumb\"><li class=\"item item-home\"><a href=\"https:\/\/finger.ind.br\/en\/\"><i class=\"icon-home\"><\/i>Home<\/a><\/li><li class=\"seperator\"><i class=\"icon-seperator\"><\/i><\/li><\/ul>                        \n                    <\/div>\n\n                       \n                                           \n                    <img loading=\"lazy\" decoding=\"async\" src=\"https:\/\/finger.ind.br\/wp-content\/uploads\/2026\/03\/manifesto-zeithaus-collection-9.svg\" width=\"446\" height=\"151\" alt=\"\">\n                                            \n\n                    \n                                           \n                    <h1 class=\"block--title\">Manifest Zeithaus Collection<\/h1>     \n                                            \n\n                                            \n\n                    \n                    \n                                        <div class=\"block--image\">\n                        <img decoding=\"async\" src=\"https:\/\/finger.ind.br\/wp-content\/uploads\/2026\/03\/manifesto-zeithaus-collection.webp\" alt=\"Conceito de ambientes integrados: menino brinca na sala enquanto m\u00e3e prepara refei\u00e7\u00e3o em cozinha com m\u00f3veis sob medida em tons neutros.\">\n                    <\/div>\n                    \n                <\/div>\n\n            <\/div>\n\n\n<div id=\"columnstext-block_235b591a355c4a44f90740db65ea4912\" class=\"block--columnstext\">\n\n    <div class=\"block--content\">\n\n        \n\n<h2 class=\"wp-block-heading\">Zeithaus: The Philosophy Guiding Finger<\/h2>\n\n\n\n<div class=\"wp-block-columns is-layout-flex wp-container-core-columns-is-layout-9d6595d7 wp-block-columns-is-layout-flex\">\n<div class=\"wp-block-column is-layout-flow wp-block-column-is-layout-flow\">\n<p>Time is not outside of you.<br>It pulses in your gaze, in your gestures, in your every breath.<br>It is what you are the very essence of life.<\/p>\n\n\n\n<p>At Zeithaus, time is not a countdown.<br>It is not haste. It is not chronology.<\/p>\n\n\n\n<p>Time is <strong>presence<\/strong>.<\/p>\n\n\n\n<p>But when truly lived, it does not pass it remains.<br>It lingers in the marks on the floor, in the gentle patina of a handle,<br>in the shifting reflection of light through the years,<br>in the silence that is also memory.<\/p>\n\n\n\n<p>A home is not a backdrop. It is a body.<br>And the body, when it feels,<br>is time in a state of life.<\/p>\n\n\n\n<p>Every space holds the time of those who inhabit it.<br>Every choice reveals a story.<br>Every detail translates a way of being.<\/p>\n\n\n\n<p>Here, time does not dictate the rhythm. You do.<br>And the environment responds, embraces, evolves.<\/p>\n<\/div>\n\n\n\n<div class=\"wp-block-column is-layout-flow wp-block-column-is-layout-flow\">\n<p><strong>For nearly 50 years, Finger has fostered this encounter.<br>Not by imposing forms,<br>but by listening to each individual\u2019s time.<\/strong><\/p>\n\n\n\n<p><strong>The values that move Finger have not changed.<br>The beliefs that shaped us remain the same.<br>Because lived time is non-negotiable;<br>it is built, it is shared, it is honored.<\/strong><\/p>\n\n\n\n<p>Time proves who we are.<br>And Finger is proof that time is who you are.<\/p>\n\n\n\n<p>Design, then, ceases to be mere matter.<br>It becomes a translation.<br>Of the invisible into form.<br>Of the instant into permanence.<\/p>\n\n\n\n<p>Time does not pass, it does not come, it does not go. <br>It simply <strong>is<\/strong>.<br>And what it is, is you.<\/p>\n\n\n\n<p>Zeithaus Finger. Time in a state of life.<\/p>\n<\/div>\n<\/div>\n\n\n\n    <\/div>    \n\n<\/div>\n\n\n<div id=\"cta-block_2af5f6bc7ee6d67b95073ed39b67c7e0\" class=\"block--cta  cta-primary\">\n\n    <div class=\"container\">\n\n        <div class=\"block--content\">   \n            \n                  \n            \n                  \n\n                    \n            \n\n<figure class=\"wp-block-image size-full is-resized\"><img loading=\"lazy\" decoding=\"async\" width=\"446\" height=\"151\" sizes=\"(max-width: 446px) 100vw, 446px\" src=\"https:\/\/finger.ind.br\/wp-content\/uploads\/2026\/03\/manifesto-zeithaus-collection-9.svg\" alt=\"\" class=\"wp-image-213367\" style=\"width:500px\"\/><\/figure>\n\n\n\n<a class=\"btn btn-primary btn-primary-icon\" href=\"https:\/\/finger.ind.br\/en\/zeit-collection\/\" target=\"_self\">\n    \n        \n    <span class=\"btn-label\">Explore the Zeit Collection<\/span>\n\n<\/a>\n\n\n        <\/div>\n\n    <\/div>\n\n<\/div>\n\n\n\t\t\t<div id=\"cards-block_7496ed8fa3fd686c02e853a940b82871\" class=\"block block--cards\">\n\n                <div class=\"container\"> \n\n\t\t\t\t\t\t\n\n    \t\t\t\t<div class=\"block--content\">\n\n\t\t\t\t\t\t<div class=\"cards-slider swiper\" >\n\n\t\t\t\t\t\t\t<div class=\"swiper-wrapper\">\n\t\t\t\t\t\t\t\t\n\t\t\n\t\t\t\t\t\n\t\t\t\t\t\t\t\t<div class=\"swiper-slide\">\n\n\t\t\t\t\t\t\t\t\t<div class=\"slide--item video\">                                    \n\n\t\t\t\t\t\t\t\t\t\t\t\t\t\t\t\t\t\t\t\t\t\t\t\t\t\t\t\t\t\t<a data-fancybox=\"video-modal\" href=\"https:\/\/www.youtube.com\/watch?v=ZWig8QkLLWA\" target=\"_self\" title=\"\">\n\t\t\t\t\t\t\t\t\t\t\n\t\t\t\t\t\t\t\t\t\t\t<span class=\"slide-label\">Video<\/span>\n\n\t\t\t\t\t\t\t\t\t\t\t<span class=\"slide-image\">\n\t\t\t\t\t\t\t\t\t\t\t\t<img decoding=\"async\" src=\"https:\/\/finger.ind.br\/wp-content\/uploads\/2026\/03\/manifesto-zeithaus-collection-4.webp\" alt=\"Ambiente de trabalho minimalista com mesa embutida, estante modular e ilumina\u00e7\u00e3o natural.\">\n\t\t\t\t\t\t\t\t\t\t\t<\/span>\n\t\t\t\n\t\t\t\t\t\t\t\t\t\t\t<span class=\"slide-title\"><\/span>\n\t\t\t\t\t\t\t\t\t\t\t<span class=\"slide-description\"><\/span>\t\t\t\t\t\t\t\t\t\t\t\n\n\t\t\t\t\t\t\t\t\t\t\t\t\t\t\t\t\t\t\t\t\t<\/a>\n\t\t\t\t\t\t\t\t\t\t\t\t\t\t\t\t\t\t\t\t\t\t\n\t\t\t\t\t\t\t\t\t<\/div>\n\n\t\t\t\t\t\t\t\t<\/div>\n\t\t\n\t\t\n\t\t\t\t\t\n\t\t\t\t\t\t\t\t<div class=\"swiper-slide\">\n\n\t\t\t\t\t\t\t\t\t<div class=\"slide--item default\">                                    \n\n\t\t\t\t\t\t\t\t\t\t\t\t\t\t\t\t\t\t\t\t\t\t\t\t\t\t\t\t\t\t<a  href=\"https:\/\/finger.ind.br\/en\/zeit-collection\/#catalogzeit\" target=\"_self\" title=\"\">\n\t\t\t\t\t\t\t\t\t\t\n\t\t\t\t\t\t\t\t\t\t\t<span class=\"slide-label\">catalog<\/span>\n\n\t\t\t\t\t\t\t\t\t\t\t<span class=\"slide-image\">\n\t\t\t\t\t\t\t\t\t\t\t\t<img decoding=\"async\" src=\"https:\/\/finger.ind.br\/wp-content\/uploads\/2026\/03\/manifesto-zeithaus-collection-2.webp\" alt=\"Cat\u00e1logo de decora\u00e7\u00e3o com p\u00e1gina dupla mostrando interior moderno e minimalista.\">\n\t\t\t\t\t\t\t\t\t\t\t<\/span>\n\t\t\t\n\t\t\t\t\t\t\t\t\t\t\t<span class=\"slide-title\"><\/span>\n\t\t\t\t\t\t\t\t\t\t\t<span class=\"slide-description\"><\/span>\t\t\t\t\t\t\t\t\t\t\t\n\n\t\t\t\t\t\t\t\t\t\t\t\t\t\t\t\t\t\t\t\t\t<\/a>\n\t\t\t\t\t\t\t\t\t\t\t\t\t\t\t\t\t\t\t\t\t\t\n\t\t\t\t\t\t\t\t\t<\/div>\n\n\t\t\t\t\t\t\t\t<\/div>\n\t\t\n\t\t\n\t\t\t\t\t\n\t\t\t\t\t\t\t\t<div class=\"swiper-slide\">\n\n\t\t\t\t\t\t\t\t\t<div class=\"slide--item default\">                                    \n\n\t\t\t\t\t\t\t\t\t\t\t\t\t\t\t\t\t\t\t\t\t\t\t\t\t\t\t\t\t\t<a  href=\"https:\/\/finger.ind.br\/en\/about-finger\/\" target=\"_blank\" title=\"\">\n\t\t\t\t\t\t\t\t\t\t\n\t\t\t\t\t\t\t\t\t\t\t<span class=\"slide-label\">about finger<\/span>\n\n\t\t\t\t\t\t\t\t\t\t\t<span class=\"slide-image\">\n\t\t\t\t\t\t\t\t\t\t\t\t<img decoding=\"async\" src=\"https:\/\/finger.ind.br\/wp-content\/uploads\/2026\/03\/manifesto-zeithaus-collection-3.webp\" alt=\"Sede da Finger M\u00f3veis Planejados ao entardecer, com arquitetura em vidro espelhado, paisagismo iluminado e logotipo em destaque.\">\n\t\t\t\t\t\t\t\t\t\t\t<\/span>\n\t\t\t\n\t\t\t\t\t\t\t\t\t\t\t<span class=\"slide-title\"><\/span>\n\t\t\t\t\t\t\t\t\t\t\t<span class=\"slide-description\"><\/span>\t\t\t\t\t\t\t\t\t\t\t\n\n\t\t\t\t\t\t\t\t\t\t\t\t\t\t\t\t\t\t\t\t\t<\/a>\n\t\t\t\t\t\t\t\t\t\t\t\t\t\t\t\t\t\t\t\t\t\t\n\t\t\t\t\t\t\t\t\t<\/div>\n\n\t\t\t\t\t\t\t\t<\/div>\n\t\t\n\t\t                                            \n\t\t\t\t\t\t\t\t\n\t\t\t\t\t\t\t<\/div>\n\n\t\t\t\t\t\t\t\n\t\t\t\t\t\t\t\n\t\t\t\t\t\t<\/div>\n\n\t\t\t\t\t<\/div>                    \t\n\n\t\t\t\t\t\n                <\/div>\n\n            <\/div>\n            \n","protected":false},"excerpt":{"rendered":"","protected":false},"author":19,"featured_media":0,"parent":0,"menu_order":0,"comment_status":"closed","ping_status":"closed","template":"","meta":{"_acf_changed":false,"footnotes":""},"class_list":["post-213205","page","type-page","status-publish","hentry"],"acf":[],"yoast_head":"<!-- This site is optimized with the Yoast SEO plugin v27.3 - https:\/\/yoast.com\/product\/yoast-seo-wordpress\/ -->\n<title>Manifest Zeithaus Collection - Finger M\u00f3veis Planejados<\/title>\n<meta name=\"robots\" content=\"index, follow, max-snippet:-1, max-image-preview:large, max-video-preview:-1\" \/>\n<link rel=\"canonical\" href=\"https:\/\/finger.ind.br\/en\/manifesto-zeithaus-collection\/\" \/>\n<meta property=\"og:locale\" content=\"en_US\" \/>\n<meta property=\"og:type\" content=\"article\" \/>\n<meta property=\"og:title\" content=\"Manifest Zeithaus Collection - Finger M\u00f3veis Planejados\" \/>\n<meta property=\"og:url\" content=\"https:\/\/finger.ind.br\/en\/manifesto-zeithaus-collection\/\" \/>\n<meta property=\"og:site_name\" content=\"Finger M\u00f3veis Planejados\" \/>\n<meta property=\"article:modified_time\" content=\"2026-03-19T20:02:29+00:00\" \/>\n<meta name=\"twitter:card\" content=\"summary_large_image\" \/>\n<meta name=\"twitter:label1\" content=\"Est. reading time\" \/>\n\t<meta name=\"twitter:data1\" content=\"1 minute\" \/>\n<script type=\"application\/ld+json\" class=\"yoast-schema-graph\">{\"@context\":\"https:\\\/\\\/schema.org\",\"@graph\":[{\"@type\":\"WebPage\",\"@id\":\"https:\\\/\\\/finger.ind.br\\\/en\\\/manifesto-zeithaus-collection\\\/\",\"url\":\"https:\\\/\\\/finger.ind.br\\\/en\\\/manifesto-zeithaus-collection\\\/\",\"name\":\"Manifest Zeithaus Collection - Finger M\u00f3veis Planejados\",\"isPartOf\":{\"@id\":\"https:\\\/\\\/finger.ind.br\\\/en\\\/2025\\\/#website\"},\"primaryImageOfPage\":{\"@id\":\"https:\\\/\\\/finger.ind.br\\\/en\\\/manifesto-zeithaus-collection\\\/#primaryimage\"},\"image\":{\"@id\":\"https:\\\/\\\/finger.ind.br\\\/en\\\/manifesto-zeithaus-collection\\\/#primaryimage\"},\"thumbnailUrl\":\"https:\\\/\\\/finger.ind.br\\\/wp-content\\\/uploads\\\/2026\\\/03\\\/manifesto-zeithaus-collection-9.svg\",\"datePublished\":\"2026-03-06T17:03:28+00:00\",\"dateModified\":\"2026-03-19T20:02:29+00:00\",\"breadcrumb\":{\"@id\":\"https:\\\/\\\/finger.ind.br\\\/en\\\/manifesto-zeithaus-collection\\\/#breadcrumb\"},\"inLanguage\":\"en-US\",\"potentialAction\":[{\"@type\":\"ReadAction\",\"target\":[\"https:\\\/\\\/finger.ind.br\\\/en\\\/manifesto-zeithaus-collection\\\/\"]}]},{\"@type\":\"ImageObject\",\"inLanguage\":\"en-US\",\"@id\":\"https:\\\/\\\/finger.ind.br\\\/en\\\/manifesto-zeithaus-collection\\\/#primaryimage\",\"url\":\"https:\\\/\\\/finger.ind.br\\\/wp-content\\\/uploads\\\/2026\\\/03\\\/manifesto-zeithaus-collection-9.svg\",\"contentUrl\":\"https:\\\/\\\/finger.ind.br\\\/wp-content\\\/uploads\\\/2026\\\/03\\\/manifesto-zeithaus-collection-9.svg\"},{\"@type\":\"BreadcrumbList\",\"@id\":\"https:\\\/\\\/finger.ind.br\\\/en\\\/manifesto-zeithaus-collection\\\/#breadcrumb\",\"itemListElement\":[{\"@type\":\"ListItem\",\"position\":1,\"name\":\"In\u00edcio\",\"item\":\"https:\\\/\\\/finger.ind.br\\\/en\\\/\"},{\"@type\":\"ListItem\",\"position\":2,\"name\":\"Manifest Zeithaus Collection\"}]},{\"@type\":\"WebSite\",\"@id\":\"https:\\\/\\\/finger.ind.br\\\/en\\\/2025\\\/#website\",\"url\":\"https:\\\/\\\/finger.ind.br\\\/en\\\/2025\\\/\",\"name\":\"Finger M\u00f3veis Planejados\",\"description\":\"A precis\u00e3o alem\u00e3 com o melhor do design.\",\"potentialAction\":[{\"@type\":\"SearchAction\",\"target\":{\"@type\":\"EntryPoint\",\"urlTemplate\":\"https:\\\/\\\/finger.ind.br\\\/en\\\/2025\\\/?s={search_term_string}\"},\"query-input\":{\"@type\":\"PropertyValueSpecification\",\"valueRequired\":true,\"valueName\":\"search_term_string\"}}],\"inLanguage\":\"en-US\"}]}<\/script>\n<!-- \/ Yoast SEO plugin. -->","yoast_head_json":{"title":"Manifest Zeithaus Collection - Finger M\u00f3veis Planejados","robots":{"index":"index","follow":"follow","max-snippet":"max-snippet:-1","max-image-preview":"max-image-preview:large","max-video-preview":"max-video-preview:-1"},"canonical":"https:\/\/finger.ind.br\/en\/manifesto-zeithaus-collection\/","og_locale":"en_US","og_type":"article","og_title":"Manifest Zeithaus Collection - Finger M\u00f3veis Planejados","og_url":"https:\/\/finger.ind.br\/en\/manifesto-zeithaus-collection\/","og_site_name":"Finger M\u00f3veis Planejados","article_modified_time":"2026-03-19T20:02:29+00:00","twitter_card":"summary_large_image","twitter_misc":{"Est. reading time":"1 minute"},"schema":{"@context":"https:\/\/schema.org","@graph":[{"@type":"WebPage","@id":"https:\/\/finger.ind.br\/en\/manifesto-zeithaus-collection\/","url":"https:\/\/finger.ind.br\/en\/manifesto-zeithaus-collection\/","name":"Manifest Zeithaus Collection - Finger M\u00f3veis Planejados","isPartOf":{"@id":"https:\/\/finger.ind.br\/en\/2025\/#website"},"primaryImageOfPage":{"@id":"https:\/\/finger.ind.br\/en\/manifesto-zeithaus-collection\/#primaryimage"},"image":{"@id":"https:\/\/finger.ind.br\/en\/manifesto-zeithaus-collection\/#primaryimage"},"thumbnailUrl":"https:\/\/finger.ind.br\/wp-content\/uploads\/2026\/03\/manifesto-zeithaus-collection-9.svg","datePublished":"2026-03-06T17:03:28+00:00","dateModified":"2026-03-19T20:02:29+00:00","breadcrumb":{"@id":"https:\/\/finger.ind.br\/en\/manifesto-zeithaus-collection\/#breadcrumb"},"inLanguage":"en-US","potentialAction":[{"@type":"ReadAction","target":["https:\/\/finger.ind.br\/en\/manifesto-zeithaus-collection\/"]}]},{"@type":"ImageObject","inLanguage":"en-US","@id":"https:\/\/finger.ind.br\/en\/manifesto-zeithaus-collection\/#primaryimage","url":"https:\/\/finger.ind.br\/wp-content\/uploads\/2026\/03\/manifesto-zeithaus-collection-9.svg","contentUrl":"https:\/\/finger.ind.br\/wp-content\/uploads\/2026\/03\/manifesto-zeithaus-collection-9.svg"},{"@type":"BreadcrumbList","@id":"https:\/\/finger.ind.br\/en\/manifesto-zeithaus-collection\/#breadcrumb","itemListElement":[{"@type":"ListItem","position":1,"name":"In\u00edcio","item":"https:\/\/finger.ind.br\/en\/"},{"@type":"ListItem","position":2,"name":"Manifest Zeithaus Collection"}]},{"@type":"WebSite","@id":"https:\/\/finger.ind.br\/en\/2025\/#website","url":"https:\/\/finger.ind.br\/en\/2025\/","name":"Finger M\u00f3veis Planejados","description":"A precis\u00e3o alem\u00e3 com o melhor do design.","potentialAction":[{"@type":"SearchAction","target":{"@type":"EntryPoint","urlTemplate":"https:\/\/finger.ind.br\/en\/2025\/?s={search_term_string}"},"query-input":{"@type":"PropertyValueSpecification","valueRequired":true,"valueName":"search_term_string"}}],"inLanguage":"en-US"}]}},"amp_enabled":true,"_links":{"self":[{"href":"https:\/\/finger.ind.br\/en\/wp-json\/wp\/v2\/pages\/213205","targetHints":{"allow":["GET"]}}],"collection":[{"href":"https:\/\/finger.ind.br\/en\/wp-json\/wp\/v2\/pages"}],"about":[{"href":"https:\/\/finger.ind.br\/en\/wp-json\/wp\/v2\/types\/page"}],"author":[{"embeddable":true,"href":"https:\/\/finger.ind.br\/en\/wp-json\/wp\/v2\/users\/19"}],"replies":[{"embeddable":true,"href":"https:\/\/finger.ind.br\/en\/wp-json\/wp\/v2\/comments?post=213205"}],"version-history":[{"count":9,"href":"https:\/\/finger.ind.br\/en\/wp-json\/wp\/v2\/pages\/213205\/revisions"}],"predecessor-version":[{"id":213568,"href":"https:\/\/finger.ind.br\/en\/wp-json\/wp\/v2\/pages\/213205\/revisions\/213568"}],"wp:attachment":[{"href":"https:\/\/finger.ind.br\/en\/wp-json\/wp\/v2\/media?parent=213205"}],"curies":[{"name":"wp","href":"https:\/\/api.w.org\/{rel}","templated":true}]}}