{"id":213214,"date":"2026-03-06T14:20:00","date_gmt":"2026-03-06T17:20:00","guid":{"rendered":"https:\/\/finger.ind.br\/?page_id=213214"},"modified":"2026-03-19T17:05:20","modified_gmt":"2026-03-19T20:05:20","slug":"zeit-collection","status":"publish","type":"page","link":"https:\/\/finger.ind.br\/en\/zeit-collection\/","title":{"rendered":"Zeit Collection"},"content":{"rendered":"\n\t\t\t<div id=\"\" class=\"block block--page-heading  heading-image heading-logo\">\n\n                <div class=\"container\">                                         \n\n                    <div class=\"block--breadcrumb\">\n                        <ul class=\"breadcrumb\"><li class=\"item item-home\"><a href=\"https:\/\/finger.ind.br\/en\/\"><i class=\"icon-home\"><\/i>Home<\/a><\/li><li class=\"seperator\"><i class=\"icon-seperator\"><\/i><\/li><\/ul>                        \n                    <\/div>\n\n                       \n                                           \n                    <img decoding=\"async\" src=\"https:\/\/finger.ind.br\/wp-content\/uploads\/2026\/03\/zeithaus-collection-1.svg\" width=\"476.6\" height=\"316.4\" alt=\"\">\n                                            \n\n                    \n                                           \n                    <h1 class=\"block--title\">Zeit Collection<\/h1>     \n                                            \n\n                                            \n\n                    \n                    \n                                        <div class=\"block--image\">\n                        <img decoding=\"async\" src=\"https:\/\/finger.ind.br\/wp-content\/uploads\/2026\/03\/zeithaus-collection.webp\" alt=\"cole\u00e7\u00e3o zeithaus\">\n                    <\/div>\n                    \n                <\/div>\n\n            <\/div>\n\n\n<div id=\"imagecolumn-block_6c1f0b501cbc411e2746ac48627023fb\" class=\"block block--imagecolumn logo compact margin\">\n\n    <div class=\"block--content\">\n        \n\n<h2 class=\"wp-block-heading\"><strong>Zeit is the form time has chosen to exist. <\/strong><\/h2>\n\n\n\n<p>Born from the Zeithaus philosophy, the <strong>Zeit Collection<\/strong> transforms lived time into matter, gesture, and space. It does not follow trends or respond to seasons\u2014it moves alongside life itself.<br>Every line, every texture, and every detail was conceived to evolve with those who inhabit it. Environments that adapt, endure, embrace, and remain. Because time is not measured: it is built.<\/p>\n\n\n\n<p>Zeit does not represent time.<br>It is time in use vivid, sensitive, and essential.<br><br>A collection created to cross generations, safeguard memories, and give shape to what truly matters: living well, today and forever.<\/p>\n\n\n\n<a class=\"btn btn-primary btn-primary-icon\" href=\"https:\/\/finger.ind.br\/en\/zeit-collection\/#catalogzeit\" target=\"_self\">\n    \n        \n    <span class=\"btn-label\">Explore the Catalog<\/span>\n\n<\/a>\n\n    <\/div>\n\n    <div class=\"block--image\">                        \n                <img decoding=\"async\" src=\"https:\/\/finger.ind.br\/wp-content\/uploads\/2026\/03\/manifesto-zeithaus-collection-6.svg\" alt=\"zeithaus\">\n            <\/div>\n\n<\/div>\n\n\n<div class=\"block block--menu\" id=\"menu-block_8cce7fc0fb495a2848b6dec685116f57\">\n\n    <div class=\"container\">\n\n          \n\n            <ul class=\"menu-container\">\n\n                \n                    <li class=\"menu-item\">\n                        <a href=\"https:\/\/finger.ind.br\/en\/zeit-collection\/#kitchen\" target=\"_self\">\n                            <span class=\"menu-label\">\n                                Kitchens                            <\/span>\n                        <\/a>\n                    <\/li>\n\n                \n                    <li class=\"menu-item\">\n                        <a href=\"https:\/\/finger.ind.br\/en\/zeit-collection\/#betroom\" target=\"_self\">\n                            <span class=\"menu-label\">\n                                Bedrooms                            <\/span>\n                        <\/a>\n                    <\/li>\n\n                \n                    <li class=\"menu-item\">\n                        <a href=\"https:\/\/finger.ind.br\/en\/zeithaus-collection\/#closets\" target=\"_self\">\n                            <span class=\"menu-label\">\n                                Closets                            <\/span>\n                        <\/a>\n                    <\/li>\n\n                \n                    <li class=\"menu-item\">\n                        <a href=\"https:\/\/finger.ind.br\/en\/zeit-collection\/#living\" target=\"_self\">\n                            <span class=\"menu-label\">\n                                Living Room                            <\/span>\n                        <\/a>\n                    <\/li>\n\n                \n                    <li class=\"menu-item\">\n                        <a href=\"https:\/\/finger.ind.br\/en\/zeit-collection\/#laundry\" target=\"_self\">\n                            <span class=\"menu-label\">\n                                Laundry Room                            <\/span>\n                        <\/a>\n                    <\/li>\n\n                \n            <\/ul>\n\n        \n    <\/div>\n\n<\/div>\n\n\n<div id=\"kitchen\" class=\"block block--imagefull overlay right-bottom\">\n\n    <div class=\"block--content\">\n\n        \n\n<p>What is prepared here nourishes more than the body.<\/p>\n\n\n\n<a class=\"btn btn-secondary\" href=\"https:\/\/finger.ind.br\/en\/environments\/kitchen\/\" target=\"_self\">\n    \n        \n    <span class=\"btn-label\">Explore the Spaces<\/span>\n\n<\/a>\n\n\n    <\/div>\n\n    <div class=\"block--image\">                        \n                <img decoding=\"async\" src=\"https:\/\/finger.ind.br\/wp-content\/uploads\/2026\/03\/zeithaus-collection-2.webp\" alt=\"Cozinha planejada de luxo com ilha central em pedra, arm\u00e1rios pretos com textura amadeirada e coifa moderna em ambiente conceito aberto.\">\n            <\/div>\n\n<\/div>\n\n\n<div id=\"bedroom\" class=\"block block--imagefull overlay left-bottom\">\n\n    <div class=\"block--content\">\n\n        \n\n<p>Between silence and connection, life unfolds.<\/p>\n\n\n\n<a class=\"btn btn-secondary\" href=\"https:\/\/finger.ind.br\/en\/environments\/bedroom\/\" target=\"_self\">\n    \n        \n    <span class=\"btn-label\">Discover the Spaces<\/span>\n\n<\/a>\n\n\n    <\/div>\n\n    <div class=\"block--image\">                        \n                <img decoding=\"async\" src=\"https:\/\/finger.ind.br\/wp-content\/uploads\/2026\/03\/zeithaus-collection-4.webp\" alt=\"Quarto de casal com guarda-roupa planejado em madeira clara, painel ripado em tons terrosos e ilumina\u00e7\u00e3o embutida aconchegante\">\n            <\/div>\n\n<\/div>\n\n\n<div id=\"imagefull-block_e74e3b45f45a6c78074bf86871859c4e\" class=\"block block--imagefull overlay right-bottom\">\n\n    <div class=\"block--content\">\n\n        \n\n<p>A child inhabits the world as if inventing it every single day.<\/p>\n\n\n\n<a class=\"btn btn-secondary\" href=\"https:\/\/finger.ind.br\/en\/environments\/bedroom\/\" target=\"_self\">\n    \n        \n    <span class=\"btn-label\">Discover the Spaces<\/span>\n\n<\/a>\n\n\n    <\/div>\n\n    <div class=\"block--image\">                        \n                <img decoding=\"async\" src=\"https:\/\/finger.ind.br\/wp-content\/uploads\/2026\/03\/zeithaus-collection-3.webp\" alt=\"Quarto infantil planejado com cama montessoriana, escada com gavetas, escorregador integrado e decora\u00e7\u00e3o em tons de verde e madeira\">\n            <\/div>\n\n<\/div>\n\n\n<div id=\"bathroom\" class=\"block block--imagefull overlay right-bottom\">\n\n    <div class=\"block--content\">\n\n        \n\n<p>Care is a silent form of permanence.<\/p>\n\n\n\n<a class=\"btn btn-secondary\" href=\"https:\/\/finger.ind.br\/en\/environments\/bathroom\/\" target=\"_self\">\n    \n        \n    <span class=\"btn-label\">Discover the Spaces<\/span>\n\n<\/a>\n\n\n    <\/div>\n\n    <div class=\"block--image\">                        \n                <img decoding=\"async\" src=\"https:\/\/finger.ind.br\/wp-content\/uploads\/2026\/03\/zeithaus-collection-6.webp\" alt=\"Banheiro de luxo com cubas duplas, espelhos org\u00e2nicos iluminados, arm\u00e1rios planejados suspensos e jardim de inverno integrado\">\n            <\/div>\n\n<\/div>\n\n\n<div id=\"closets\" class=\"block block--imagefull overlay left-bottom\">\n\n    <div class=\"block--content\">\n\n        \n\n<p>Dressing is a gesture of identity.<\/p>\n\n\n\n<a class=\"btn btn-secondary\" href=\"https:\/\/finger.ind.br\/en\/environments\/bedroom\/\" target=\"_self\">\n    \n        \n    <span class=\"btn-label\">Discover the Spaces<\/span>\n\n<\/a>\n\n\n    <\/div>\n\n    <div class=\"block--image\">                        \n                <img decoding=\"async\" src=\"https:\/\/finger.ind.br\/wp-content\/uploads\/2026\/03\/zeithaus-collection-1.webp\" alt=\"Closet planejado amplo com ilha de gavetas central, araras iluminadas e acabamento em tons de bege e madeira clara\">\n            <\/div>\n\n<\/div>\n\n\n<div id=\"living\" class=\"block block--imagefull overlay left-bottom\">\n\n    <div class=\"block--content\">\n\n        \n\n<p>Life happens between a sofa and a wandering gaze.<\/p>\n\n\n\n<a class=\"btn btn-secondary\" href=\"https:\/\/finger.ind.br\/en\/environments\/living-room\/\" target=\"_self\">\n    \n        \n    <span class=\"btn-label\">Discover the Spaces<\/span>\n\n<\/a>\n\n\n    <\/div>\n\n    <div class=\"block--image\">                        \n                <img decoding=\"async\" src=\"https:\/\/finger.ind.br\/wp-content\/uploads\/2026\/03\/zeithaus-collection-8.webp\" alt=\"Ambiente gourmet integrado com adega vertical retroiluminada, m\u00f3veis planejados em estilo cl\u00e1ssico contempor\u00e2neo e acabamento em m\u00e1rmore escuro\">\n            <\/div>\n\n<\/div>\n\n\n<div id=\"laundry\" class=\"block block--imagecolumn default\">\n\n    <div class=\"block--content\">\n        \n\n<p>Caring is the quietest form of permanence.<\/p>\n\n\n\n<a class=\"btn btn-secondary\" href=\"https:\/\/finger.ind.br\/en\/environments\/laundry-room\/\" target=\"_self\">\n    \n        \n    <span class=\"btn-label\">Discover the Spaces<\/span>\n\n<\/a>\n\n    <\/div>\n\n    <div class=\"block--image\">                        \n                <img decoding=\"async\" src=\"https:\/\/finger.ind.br\/wp-content\/uploads\/2026\/03\/zeithaus-collection-7.webp\" alt=\"Lavanderia planejada funcional com arm\u00e1rios cinza, bancada em m\u00e1rmore, nichos organizadores e ilumina\u00e7\u00e3o sob os m\u00f3veis\">\n            <\/div>\n\n<\/div>\n\n\n<div id=\"imagecolumn-block_23214cef9bc56c6ebc050d2fe463156a\" class=\"block block--imagecolumn default content-reverse\">\n\n    <div class=\"block--content\">\n        \n\n<p>Every tool holds the sound of a time well-lived.<\/p>\n\n\n\n<a class=\"btn btn-secondary\" href=\"https:\/\/finger.ind.br\/en\/environments\/corporate\/\" target=\"_self\">\n    \n        \n    <span class=\"btn-label\">Discover the Spaces<\/span>\n\n<\/a>\n\n    <\/div>\n\n    <div class=\"block--image\">                        \n                <img decoding=\"async\" src=\"https:\/\/finger.ind.br\/wp-content\/uploads\/2026\/03\/zeithaus-collection-5.webp\" alt=\"Oficina em casa personalizada com painel de ferramentas, bancada de trabalho amadeirada e arm\u00e1rios planejados para organiza\u00e7\u00e3o de garagem\">\n            <\/div>\n\n<\/div>\n\n\n<div id=\"catalogzeit\" class=\"block block--form \">    \n\n    <div class=\"block--image\">                        \n                <img decoding=\"async\" src=\"https:\/\/finger.ind.br\/wp-content\/uploads\/2026\/03\/manifesto-zeithaus-collection-2.webp\" alt=\"Cat\u00e1logo de decora\u00e7\u00e3o com p\u00e1gina dupla mostrando interior moderno e minimalista.\">\n            <\/div>\n\n    <div class=\"block--content\">\n        \n        \n\n<figure class=\"wp-block-image size-large is-resized\"><img decoding=\"async\" src=\"https:\/\/finger.ind.br\/wp-content\/uploads\/2026\/03\/manifesto-zeithaus-collection-2.svg\" alt=\"\" class=\"wp-image-213230\" style=\"width:200px\"\/><\/figure>\n\n\n\n<p class=\"has-large-font-size\">Download <em>our catalog<\/em><\/p>\n\n\n\n        <div class=\"form-container\">\n            \n                                    <div id=\"piotnetforms\" class=\"piotnetforms piotnetforms-213415\" data-piotnetforms-shortcode-id=\"213415\"><form id=\"213415\" class=\"piotnetforms__form\" onsubmit=\"return false\"><div class=\"piotnet-section p6013234\">\t\t\t\t\t\t<div class=\"piotnet-section__container\"\n\t\t>\n\t\t<div class=\"piotnet-column p54668006\">\t\t\t\t\t\t<div class=\"piotnet-column__inner\"\n\t\t\t>\n\t\t\t\t\n\t\t<div class=\"p31060743 form-icon-user piotnetforms-fields-wrapper piotnetforms-labels-above\">\n\t\t\t<div class=\"piotnetforms-field-type-text piotnetforms-field-group piotnetforms-column  piotnetforms-field-group-name_catalogo piotnetforms-col-100 piotnetforms-field-required\">\n\t\t\t\t<label style=\"display:none\" for=\"form-field-name_catalogo\" class=\"piotnetforms-field-label\">Name<\/label><div data-piotnetforms-required><\/div><div class=\"piotnetforms-field-container\"><input size=\"1\" class=\"piotnetforms-field piotnetforms-size-\" type=\"text\" name=\"form_fields[name_catalogo]\" id=\"form-field-name_catalogo\" placeholder=\"Full Name\" autocomplete=\"on\" data-piotnetforms-default-value=\"\" required=\"required\" aria-required=\"true\" data-piotnetforms-id=\"213415\"><\/div>\t\t\t<\/div>\n\t\t<\/div>\n\t\t\t\n\t\t<div class=\"p16654867 form-icon-mail piotnetforms-fields-wrapper piotnetforms-labels-above\">\n\t\t\t<div class=\"piotnetforms-field-type-email piotnetforms-field-group piotnetforms-column  piotnetforms-field-group-email_catalog_en piotnetforms-col-100 piotnetforms-field-required\">\n\t\t\t\t<label style=\"display:none\" for=\"form-field-email_catalog_en\" class=\"piotnetforms-field-label\">Email<\/label><div data-piotnetforms-required><\/div><div class=\"piotnetforms-field-container\"><input size=\"1\" class=\"piotnetforms-field piotnetforms-size-\" type=\"email\" name=\"form_fields[email_catalog_en]\" id=\"form-field-email_catalog_en\" placeholder=\"Email\" autocomplete=\"on\" data-piotnetforms-default-value=\"\" required=\"required\" aria-required=\"true\" data-piotnetforms-id=\"213415\"><\/div>\t\t\t<\/div>\n\t\t<\/div>\n\t\t\t\n\t\t<div class=\"p12322092 form-icon-whatsapp piotnetforms-fields-wrapper piotnetforms-labels-above\">\n\t\t\t<div class=\"piotnetforms-field-type-tel piotnetforms-field-group piotnetforms-column  piotnetforms-field-group-whats_catalog_en piotnetforms-col-100 piotnetforms-field-required\">\n\t\t\t\t<label style=\"display:none\" for=\"form-field-whats_catalog_en\" class=\"piotnetforms-field-label\">WhatsApp \/ Phone Number<\/label><div data-piotnetforms-required><\/div><div class=\"piotnetforms-field-container\"><input size=\"1\" class=\"piotnetforms-field piotnetforms-size-\" type=\"tel\" name=\"form_fields[whats_catalog_en]\" id=\"form-field-whats_catalog_en\" placeholder=\"WhatsApp \/ Phone Number\" data-mask=\"(00)90000 0000\" autocomplete=\"on\" data-piotnetforms-default-value=\"\" required=\"required\" aria-required=\"true\" data-piotnetforms-id=\"213415\" pattern=\"[0-9()#&amp;+*-=.\\s]+\" title=\"Only numbers and phone characters (#, -, *, etc) are accepted.\"><\/div>\t\t\t<\/div>\n\t\t<\/div>\n\t\n\t\t<div class=\"p85344062 piotnetforms-submit piotnetforms-button-wrapper\">\n\n\t\t\t\t<input type=\"hidden\" name=\"post_id\" value=\"213415\" data-piotnetforms-hidden-form-id=\"213415\"\/>\n\t\t<input type=\"hidden\" name=\"form_id\" value=\"p85344062\" data-piotnetforms-hidden-form-id=\"213415\"\/>\n\t\t<input type=\"hidden\" name=\"remote_ip\" value=\"216.73.216.171\" data-piotnetforms-hidden-form-id=\"213415\"\/>\n\n\t\t\t\t\t<input type=\"hidden\" name=\"redirect\" value=\"https:\/\/finger.ind.br\/en\/baixar-catalogo-zeit\/\" data-piotnetforms-hidden-form-id=\"213415\" data-piotnetforms-open-new-tab=\"yes\"\/>\n\t\t\n\t\t\n\t\t\n\t\t\n\t\t<button class=\"piotnetforms-button\" type=\"submit\" role=\"button\" data-piotnetforms-required-text=\"Please complete all required fields.\" data-piotnetforms-submit-form-id=\"213415\" data-piotnetforms-submit-keyboard=\"false\" data-piotnetforms-submit-hide=\"false\">\n\t\t\t\t\t<span class=\"piotnetforms-button-content-wrapper\">\n\t\t\t<span class=\"piotnetforms-button-text piotnetforms-spinner\"><span class=\"icon-spinner-of-dots\"><\/span><\/span>\n\t\t\t\t\t\t<span class=\"piotnetforms-button-text\">Download Now<\/span>\n\t\t<\/span>\n\t\t\t\t<\/button>\n\t\t\n\t\t        \t\t        \t\t\n\t\t\n\t\t\n        \n            \t\t<div id=\"piotnetforms-trigger-success-213415\" data-piotnetforms-trigger-success=\"213415\" style=\"display: none\"><\/div>\n\t\t<div id=\"piotnetforms-trigger-failed-213415\" data-piotnetforms-trigger-failed=\"213415\" style=\"display: none\"><\/div>\n\t\t<div class=\"piotnetforms-alert piotnetforms-alert--mail\">\n\t\t\t<div class=\"piotnetforms-message piotnetforms-message-success\" role=\"alert\" data-piotnetforms-message=\"Thank you for your interest\">Thank you for your interest<\/div>\n\t\t\t<div class=\"piotnetforms-message piotnetforms-message-danger\" role=\"alert\" data-piotnetforms-message=\"Something went wrong. Please try again in a moment.\">Something went wrong. Please try again in a moment.<\/div>\n\t\t\t<!-- <div class=\"piotnetforms-message piotnetforms-help-inline\" role=\"alert\">Server error. Form not sent.<\/div> -->\n\t\t<\/div>\n\t\t\t\t<\/div>\n\t\t\t\t\t<\/div>\n\t\t<\/div>\t\t\t<\/div>\n\t\t<\/div><link rel=\"stylesheet\" href=\"https:\/\/finger.ind.br\/wp-content\/uploads\/piotnetforms\/css\/213415.css?ver=11\" media=\"all\"><\/form><\/div><div data-piotnetforms-ajax-url=\"https:\/\/finger.ind.br\/wp-admin\/admin-ajax.php\"><\/div><div data-piotnetforms-plugin-url=\"https:\/\/finger.ind.br\/wp-content\/plugins\"><\/div><div data-piotnetforms-tinymce-upload=\"https:\/\/finger.ind.br\/wp-content\/plugins\/piotnetforms-pro\/inc\/forms\/tinymce\/tinymce-upload.php\"><\/div><div data-piotnetforms-stripe-key=\"\"><\/div><div class=\"piotnetforms-break-point\" data-piotnetforms-break-point-md=\"1025\" data-piotnetforms-break-point-lg=\"767\"><\/div>\t                                \n                \n        <\/div>\n\n    <\/div>\n\n<\/div>","protected":false},"excerpt":{"rendered":"","protected":false},"author":19,"featured_media":0,"parent":0,"menu_order":0,"comment_status":"closed","ping_status":"closed","template":"","meta":{"_acf_changed":false,"footnotes":""},"class_list":["post-213214","page","type-page","status-publish","hentry"],"acf":[],"yoast_head":"<!-- This site is optimized with the Yoast SEO plugin v27.3 - https:\/\/yoast.com\/product\/yoast-seo-wordpress\/ -->\n<title>Zeit Collection - Finger M\u00f3veis Planejados<\/title>\n<meta name=\"robots\" content=\"index, follow, max-snippet:-1, max-image-preview:large, max-video-preview:-1\" \/>\n<link rel=\"canonical\" href=\"https:\/\/finger.ind.br\/en\/zeit-collection\/\" \/>\n<meta property=\"og:locale\" content=\"en_US\" \/>\n<meta property=\"og:type\" content=\"article\" \/>\n<meta property=\"og:title\" content=\"Zeit Collection - Finger M\u00f3veis Planejados\" \/>\n<meta property=\"og:url\" content=\"https:\/\/finger.ind.br\/en\/zeit-collection\/\" \/>\n<meta property=\"og:site_name\" content=\"Finger M\u00f3veis Planejados\" \/>\n<meta property=\"article:modified_time\" content=\"2026-03-19T20:05:20+00:00\" \/>\n<meta property=\"og:image\" content=\"https:\/\/finger.ind.br\/wp-content\/uploads\/2026\/03\/manifesto-zeithaus-collection-2.svg\" \/>\n<meta name=\"twitter:card\" content=\"summary_large_image\" \/>\n<meta name=\"twitter:label1\" content=\"Est. reading time\" \/>\n\t<meta name=\"twitter:data1\" content=\"1 minute\" \/>\n<script type=\"application\/ld+json\" class=\"yoast-schema-graph\">{\"@context\":\"https:\\\/\\\/schema.org\",\"@graph\":[{\"@type\":\"WebPage\",\"@id\":\"https:\\\/\\\/finger.ind.br\\\/en\\\/zeit-collection\\\/\",\"url\":\"https:\\\/\\\/finger.ind.br\\\/en\\\/zeit-collection\\\/\",\"name\":\"Zeit Collection - Finger M\u00f3veis Planejados\",\"isPartOf\":{\"@id\":\"https:\\\/\\\/finger.ind.br\\\/en\\\/2025\\\/#website\"},\"primaryImageOfPage\":{\"@id\":\"https:\\\/\\\/finger.ind.br\\\/en\\\/zeit-collection\\\/#primaryimage\"},\"image\":{\"@id\":\"https:\\\/\\\/finger.ind.br\\\/en\\\/zeit-collection\\\/#primaryimage\"},\"thumbnailUrl\":\"https:\\\/\\\/finger.ind.br\\\/wp-content\\\/uploads\\\/2026\\\/03\\\/manifesto-zeithaus-collection-2.svg\",\"datePublished\":\"2026-03-06T17:20:00+00:00\",\"dateModified\":\"2026-03-19T20:05:20+00:00\",\"breadcrumb\":{\"@id\":\"https:\\\/\\\/finger.ind.br\\\/en\\\/zeit-collection\\\/#breadcrumb\"},\"inLanguage\":\"en-US\",\"potentialAction\":[{\"@type\":\"ReadAction\",\"target\":[\"https:\\\/\\\/finger.ind.br\\\/en\\\/zeit-collection\\\/\"]}]},{\"@type\":\"ImageObject\",\"inLanguage\":\"en-US\",\"@id\":\"https:\\\/\\\/finger.ind.br\\\/en\\\/zeit-collection\\\/#primaryimage\",\"url\":\"https:\\\/\\\/finger.ind.br\\\/wp-content\\\/uploads\\\/2026\\\/03\\\/manifesto-zeithaus-collection-2.svg\",\"contentUrl\":\"https:\\\/\\\/finger.ind.br\\\/wp-content\\\/uploads\\\/2026\\\/03\\\/manifesto-zeithaus-collection-2.svg\"},{\"@type\":\"BreadcrumbList\",\"@id\":\"https:\\\/\\\/finger.ind.br\\\/en\\\/zeit-collection\\\/#breadcrumb\",\"itemListElement\":[{\"@type\":\"ListItem\",\"position\":1,\"name\":\"In\u00edcio\",\"item\":\"https:\\\/\\\/finger.ind.br\\\/en\\\/\"},{\"@type\":\"ListItem\",\"position\":2,\"name\":\"Zeit Collection\"}]},{\"@type\":\"WebSite\",\"@id\":\"https:\\\/\\\/finger.ind.br\\\/en\\\/2025\\\/#website\",\"url\":\"https:\\\/\\\/finger.ind.br\\\/en\\\/2025\\\/\",\"name\":\"Finger M\u00f3veis Planejados\",\"description\":\"A precis\u00e3o alem\u00e3 com o melhor do design.\",\"potentialAction\":[{\"@type\":\"SearchAction\",\"target\":{\"@type\":\"EntryPoint\",\"urlTemplate\":\"https:\\\/\\\/finger.ind.br\\\/en\\\/2025\\\/?s={search_term_string}\"},\"query-input\":{\"@type\":\"PropertyValueSpecification\",\"valueRequired\":true,\"valueName\":\"search_term_string\"}}],\"inLanguage\":\"en-US\"}]}<\/script>\n<!-- \/ Yoast SEO plugin. -->","yoast_head_json":{"title":"Zeit Collection - Finger M\u00f3veis Planejados","robots":{"index":"index","follow":"follow","max-snippet":"max-snippet:-1","max-image-preview":"max-image-preview:large","max-video-preview":"max-video-preview:-1"},"canonical":"https:\/\/finger.ind.br\/en\/zeit-collection\/","og_locale":"en_US","og_type":"article","og_title":"Zeit Collection - Finger M\u00f3veis Planejados","og_url":"https:\/\/finger.ind.br\/en\/zeit-collection\/","og_site_name":"Finger M\u00f3veis Planejados","article_modified_time":"2026-03-19T20:05:20+00:00","og_image":[{"url":"https:\/\/finger.ind.br\/wp-content\/uploads\/2026\/03\/manifesto-zeithaus-collection-2.svg","type":"","width":"","height":""}],"twitter_card":"summary_large_image","twitter_misc":{"Est. reading time":"1 minute"},"schema":{"@context":"https:\/\/schema.org","@graph":[{"@type":"WebPage","@id":"https:\/\/finger.ind.br\/en\/zeit-collection\/","url":"https:\/\/finger.ind.br\/en\/zeit-collection\/","name":"Zeit Collection - Finger M\u00f3veis Planejados","isPartOf":{"@id":"https:\/\/finger.ind.br\/en\/2025\/#website"},"primaryImageOfPage":{"@id":"https:\/\/finger.ind.br\/en\/zeit-collection\/#primaryimage"},"image":{"@id":"https:\/\/finger.ind.br\/en\/zeit-collection\/#primaryimage"},"thumbnailUrl":"https:\/\/finger.ind.br\/wp-content\/uploads\/2026\/03\/manifesto-zeithaus-collection-2.svg","datePublished":"2026-03-06T17:20:00+00:00","dateModified":"2026-03-19T20:05:20+00:00","breadcrumb":{"@id":"https:\/\/finger.ind.br\/en\/zeit-collection\/#breadcrumb"},"inLanguage":"en-US","potentialAction":[{"@type":"ReadAction","target":["https:\/\/finger.ind.br\/en\/zeit-collection\/"]}]},{"@type":"ImageObject","inLanguage":"en-US","@id":"https:\/\/finger.ind.br\/en\/zeit-collection\/#primaryimage","url":"https:\/\/finger.ind.br\/wp-content\/uploads\/2026\/03\/manifesto-zeithaus-collection-2.svg","contentUrl":"https:\/\/finger.ind.br\/wp-content\/uploads\/2026\/03\/manifesto-zeithaus-collection-2.svg"},{"@type":"BreadcrumbList","@id":"https:\/\/finger.ind.br\/en\/zeit-collection\/#breadcrumb","itemListElement":[{"@type":"ListItem","position":1,"name":"In\u00edcio","item":"https:\/\/finger.ind.br\/en\/"},{"@type":"ListItem","position":2,"name":"Zeit Collection"}]},{"@type":"WebSite","@id":"https:\/\/finger.ind.br\/en\/2025\/#website","url":"https:\/\/finger.ind.br\/en\/2025\/","name":"Finger M\u00f3veis Planejados","description":"A precis\u00e3o alem\u00e3 com o melhor do design.","potentialAction":[{"@type":"SearchAction","target":{"@type":"EntryPoint","urlTemplate":"https:\/\/finger.ind.br\/en\/2025\/?s={search_term_string}"},"query-input":{"@type":"PropertyValueSpecification","valueRequired":true,"valueName":"search_term_string"}}],"inLanguage":"en-US"}]}},"amp_enabled":true,"_links":{"self":[{"href":"https:\/\/finger.ind.br\/en\/wp-json\/wp\/v2\/pages\/213214","targetHints":{"allow":["GET"]}}],"collection":[{"href":"https:\/\/finger.ind.br\/en\/wp-json\/wp\/v2\/pages"}],"about":[{"href":"https:\/\/finger.ind.br\/en\/wp-json\/wp\/v2\/types\/page"}],"author":[{"embeddable":true,"href":"https:\/\/finger.ind.br\/en\/wp-json\/wp\/v2\/users\/19"}],"replies":[{"embeddable":true,"href":"https:\/\/finger.ind.br\/en\/wp-json\/wp\/v2\/comments?post=213214"}],"version-history":[{"count":10,"href":"https:\/\/finger.ind.br\/en\/wp-json\/wp\/v2\/pages\/213214\/revisions"}],"predecessor-version":[{"id":213569,"href":"https:\/\/finger.ind.br\/en\/wp-json\/wp\/v2\/pages\/213214\/revisions\/213569"}],"wp:attachment":[{"href":"https:\/\/finger.ind.br\/en\/wp-json\/wp\/v2\/media?parent=213214"}],"curies":[{"name":"wp","href":"https:\/\/api.w.org\/{rel}","templated":true}]}}