{"id":56283,"date":"2025-07-25T11:20:33","date_gmt":"2025-07-25T14:20:33","guid":{"rendered":"https:\/\/finger.ind.br\/?page_id=56283"},"modified":"2025-08-22T13:05:18","modified_gmt":"2025-08-22T16:05:18","slug":"thank-you","status":"publish","type":"page","link":"https:\/\/finger.ind.br\/en\/talk-to-us\/thank-you\/","title":{"rendered":"Thank you"},"content":{"rendered":"\n\t\t\t<div id=\"thank-you\" class=\"block block--page-heading  heading-image\">\n\n                <div class=\"container\">                                         \n\n                    <div class=\"block--breadcrumb\">\n                        <ul class=\"breadcrumb\"><li class=\"item item-home\"><a href=\"https:\/\/finger.ind.br\/en\/\"><i class=\"icon-home\"><\/i>Home<\/a><\/li><li class=\"seperator\"><i class=\"icon-seperator\"><\/i><\/li><\/ul>                        \n                    <\/div>\n\n                                            \n\n                    \n                                           \n                    <h1 class=\"block--title\">Thank you<\/h1>     \n                                            \n\n                                           \n                    <h2 class=\"block--subtitle\">We&#8217;ll be in touch<\/h2>     \n                                            \n\n                    \n                    \n                                        <div class=\"block--image\">\n                        <img decoding=\"async\" src=\"https:\/\/finger.ind.br\/wp-content\/uploads\/2025\/07\/Politica-de-privacidade.jpg\" alt=\"cozinha\">\n                    <\/div>\n                    \n                <\/div>\n\n            <\/div>","protected":false},"excerpt":{"rendered":"","protected":false},"author":1,"featured_media":0,"parent":54521,"menu_order":0,"comment_status":"closed","ping_status":"closed","template":"","meta":{"_acf_changed":false,"footnotes":""},"class_list":["post-56283","page","type-page","status-publish","hentry"],"acf":[],"yoast_head":"<!-- This site is optimized with the Yoast SEO plugin v27.4 - https:\/\/yoast.com\/product\/yoast-seo-wordpress\/ -->\n<title>Thank you - Finger M\u00f3veis Planejados<\/title>\n<meta name=\"robots\" content=\"index, follow, max-snippet:-1, max-image-preview:large, max-video-preview:-1\" \/>\n<link rel=\"canonical\" href=\"https:\/\/finger.ind.br\/en\/talk-to-us\/thank-you\/\" \/>\n<meta property=\"og:locale\" content=\"en_US\" \/>\n<meta property=\"og:type\" content=\"article\" \/>\n<meta property=\"og:title\" content=\"Thank you - Finger M\u00f3veis Planejados\" \/>\n<meta property=\"og:url\" content=\"https:\/\/finger.ind.br\/en\/talk-to-us\/thank-you\/\" \/>\n<meta property=\"og:site_name\" content=\"Finger M\u00f3veis Planejados\" \/>\n<meta property=\"article:modified_time\" content=\"2025-08-22T16:05:18+00:00\" \/>\n<meta name=\"twitter:card\" content=\"summary_large_image\" \/>\n<script type=\"application\/ld+json\" class=\"yoast-schema-graph\">{\"@context\":\"https:\\\/\\\/schema.org\",\"@graph\":[{\"@type\":\"WebPage\",\"@id\":\"https:\\\/\\\/finger.ind.br\\\/en\\\/talk-to-us\\\/thank-you\\\/\",\"url\":\"https:\\\/\\\/finger.ind.br\\\/en\\\/talk-to-us\\\/thank-you\\\/\",\"name\":\"Thank you - Finger M\u00f3veis Planejados\",\"isPartOf\":{\"@id\":\"https:\\\/\\\/finger.ind.br\\\/en\\\/2025\\\/#website\"},\"datePublished\":\"2025-07-25T14:20:33+00:00\",\"dateModified\":\"2025-08-22T16:05:18+00:00\",\"breadcrumb\":{\"@id\":\"https:\\\/\\\/finger.ind.br\\\/en\\\/talk-to-us\\\/thank-you\\\/#breadcrumb\"},\"inLanguage\":\"en-US\",\"potentialAction\":[{\"@type\":\"ReadAction\",\"target\":[\"https:\\\/\\\/finger.ind.br\\\/en\\\/talk-to-us\\\/thank-you\\\/\"]}]},{\"@type\":\"BreadcrumbList\",\"@id\":\"https:\\\/\\\/finger.ind.br\\\/en\\\/talk-to-us\\\/thank-you\\\/#breadcrumb\",\"itemListElement\":[{\"@type\":\"ListItem\",\"position\":1,\"name\":\"In\u00edcio\",\"item\":\"https:\\\/\\\/finger.ind.br\\\/en\\\/\"},{\"@type\":\"ListItem\",\"position\":2,\"name\":\"Talk to us\",\"item\":\"https:\\\/\\\/finger.ind.br\\\/en\\\/talk-to-us\\\/\"},{\"@type\":\"ListItem\",\"position\":3,\"name\":\"Thank you\"}]},{\"@type\":\"WebSite\",\"@id\":\"https:\\\/\\\/finger.ind.br\\\/en\\\/2025\\\/#website\",\"url\":\"https:\\\/\\\/finger.ind.br\\\/en\\\/2025\\\/\",\"name\":\"Finger M\u00f3veis Planejados\",\"description\":\"A precis\u00e3o alem\u00e3 com o melhor do design.\",\"potentialAction\":[{\"@type\":\"SearchAction\",\"target\":{\"@type\":\"EntryPoint\",\"urlTemplate\":\"https:\\\/\\\/finger.ind.br\\\/en\\\/2025\\\/?s={search_term_string}\"},\"query-input\":{\"@type\":\"PropertyValueSpecification\",\"valueRequired\":true,\"valueName\":\"search_term_string\"}}],\"inLanguage\":\"en-US\"}]}<\/script>\n<!-- \/ Yoast SEO plugin. -->","yoast_head_json":{"title":"Thank you - Finger M\u00f3veis Planejados","robots":{"index":"index","follow":"follow","max-snippet":"max-snippet:-1","max-image-preview":"max-image-preview:large","max-video-preview":"max-video-preview:-1"},"canonical":"https:\/\/finger.ind.br\/en\/talk-to-us\/thank-you\/","og_locale":"en_US","og_type":"article","og_title":"Thank you - Finger M\u00f3veis Planejados","og_url":"https:\/\/finger.ind.br\/en\/talk-to-us\/thank-you\/","og_site_name":"Finger M\u00f3veis Planejados","article_modified_time":"2025-08-22T16:05:18+00:00","twitter_card":"summary_large_image","schema":{"@context":"https:\/\/schema.org","@graph":[{"@type":"WebPage","@id":"https:\/\/finger.ind.br\/en\/talk-to-us\/thank-you\/","url":"https:\/\/finger.ind.br\/en\/talk-to-us\/thank-you\/","name":"Thank you - Finger M\u00f3veis Planejados","isPartOf":{"@id":"https:\/\/finger.ind.br\/en\/2025\/#website"},"datePublished":"2025-07-25T14:20:33+00:00","dateModified":"2025-08-22T16:05:18+00:00","breadcrumb":{"@id":"https:\/\/finger.ind.br\/en\/talk-to-us\/thank-you\/#breadcrumb"},"inLanguage":"en-US","potentialAction":[{"@type":"ReadAction","target":["https:\/\/finger.ind.br\/en\/talk-to-us\/thank-you\/"]}]},{"@type":"BreadcrumbList","@id":"https:\/\/finger.ind.br\/en\/talk-to-us\/thank-you\/#breadcrumb","itemListElement":[{"@type":"ListItem","position":1,"name":"In\u00edcio","item":"https:\/\/finger.ind.br\/en\/"},{"@type":"ListItem","position":2,"name":"Talk to us","item":"https:\/\/finger.ind.br\/en\/talk-to-us\/"},{"@type":"ListItem","position":3,"name":"Thank you"}]},{"@type":"WebSite","@id":"https:\/\/finger.ind.br\/en\/2025\/#website","url":"https:\/\/finger.ind.br\/en\/2025\/","name":"Finger M\u00f3veis Planejados","description":"A precis\u00e3o alem\u00e3 com o melhor do design.","potentialAction":[{"@type":"SearchAction","target":{"@type":"EntryPoint","urlTemplate":"https:\/\/finger.ind.br\/en\/2025\/?s={search_term_string}"},"query-input":{"@type":"PropertyValueSpecification","valueRequired":true,"valueName":"search_term_string"}}],"inLanguage":"en-US"}]}},"amp_enabled":true,"_links":{"self":[{"href":"https:\/\/finger.ind.br\/en\/wp-json\/wp\/v2\/pages\/56283","targetHints":{"allow":["GET"]}}],"collection":[{"href":"https:\/\/finger.ind.br\/en\/wp-json\/wp\/v2\/pages"}],"about":[{"href":"https:\/\/finger.ind.br\/en\/wp-json\/wp\/v2\/types\/page"}],"author":[{"embeddable":true,"href":"https:\/\/finger.ind.br\/en\/wp-json\/wp\/v2\/users\/1"}],"replies":[{"embeddable":true,"href":"https:\/\/finger.ind.br\/en\/wp-json\/wp\/v2\/comments?post=56283"}],"version-history":[{"count":1,"href":"https:\/\/finger.ind.br\/en\/wp-json\/wp\/v2\/pages\/56283\/revisions"}],"predecessor-version":[{"id":208659,"href":"https:\/\/finger.ind.br\/en\/wp-json\/wp\/v2\/pages\/56283\/revisions\/208659"}],"up":[{"embeddable":true,"href":"https:\/\/finger.ind.br\/en\/wp-json\/wp\/v2\/pages\/54521"}],"wp:attachment":[{"href":"https:\/\/finger.ind.br\/en\/wp-json\/wp\/v2\/media?parent=56283"}],"curies":[{"name":"wp","href":"https:\/\/api.w.org\/{rel}","templated":true}]}}