{"id":208736,"date":"2025-07-21T11:33:13","date_gmt":"2025-07-21T14:33:13","guid":{"rendered":"https:\/\/finger.ind.br\/coleccion-soul\/"},"modified":"2025-09-16T14:32:30","modified_gmt":"2025-09-16T17:32:30","slug":"coleccion-soul","status":"publish","type":"page","link":"https:\/\/finger.ind.br\/es\/coleccion-soul\/","title":{"rendered":"Colecci\u00f3n Soul"},"content":{"rendered":"\n\t\t\t<div id=\"coleccion-soul\" class=\"block block--page-heading  heading-image\">\n\n                <div class=\"container\">                                         \n\n                    <div class=\"block--breadcrumb\">\n                        <ul class=\"breadcrumb\"><li class=\"item item-home\"><a href=\"https:\/\/finger.ind.br\/es\/\"><i class=\"icon-home\"><\/i>Home<\/a><\/li><li class=\"seperator\"><i class=\"icon-seperator\"><\/i><\/li><\/ul>                        \n                    <\/div>\n\n                                            \n\n                    \n                                           \n                    <h1 class=\"block--title\">Colecci\u00f3n Soul<\/h1>     \n                                            \n\n                                           \n                    <h2 class=\"block--subtitle\">La esencia del dise\u00f1o contempor\u00e1neo. La Colecci\u00f3n Soul traduce personalidad, elegancia e innovaci\u00f3n en cada ambiente planificado.<\/h2>     \n                                            \n\n                    \n                                        <div class=\"btn-group\">\n                                                <a class=\"btn btn-primary btn-primary-icon\" href=\"https:\/\/finger.ind.br\/es\/hable-con-nosotros\/\">\n                                                        <span class=\"btn-label\">Quiero mi espacio Finger<\/span>\n                        <\/a>\n                                            <\/div>\n                    \n                                        <div class=\"block--image\">\n                        <img decoding=\"async\" src=\"https:\/\/finger.ind.br\/wp-content\/uploads\/2025\/07\/sobre-a-finger.jpg\" alt=\"cozinha\nonde encontrar\">\n                    <\/div>\n                    \n                <\/div>\n\n            <\/div>\n\n\n<div id=\"imagecolumn-block_e10f44c6fdbf57b967ad434b2bf79ff7\" class=\"block block--imagecolumn default content-reverse compact\">\n\n    <div class=\"block--content\">\n        \n\n<h2 class=\"wp-block-heading\">Despierta el alma que existe en tus ambientes<\/h2>\n\n\n\n<p>En Finger somos incansables en la b\u00fasqueda de las tecnolog\u00edas m\u00e1s modernas, de los dise\u00f1os y las texturas que surgen de las tendencias y de la evoluci\u00f3n constante de la sociedad; de los aspectos ergon\u00f3micos, de la practicidad y de la preservaci\u00f3n del ambiente.<\/p>\n\n\n    <\/div>\n\n    <div class=\"block--image\">                        \n                <img decoding=\"async\" src=\"https:\/\/finger.ind.br\/wp-content\/uploads\/2025\/07\/Imagens-Soul-Collection-1.jpg\" alt=\"\">\n            <\/div>\n\n<\/div>\n\n\n<div id=\"imagecolumn-block_67d990642fb376e71d1d5af446e56c18\" class=\"block block--imagecolumn default compact\">\n\n    <div class=\"block--content\">\n        \n\n<p>Ese es el alma de Finger, una empresa que, desde su nacimiento hace m\u00e1s de 40 a\u00f1os, se irgui\u00f3 con la misi\u00f3n de transformar ambientes para llevar bienestar a las personas, armonizando lo mejor del dise\u00f1o europeo con la precisi\u00f3n alemana.<\/p>\n\n\n    <\/div>\n\n    <div class=\"block--image\">                        \n                <img decoding=\"async\" src=\"https:\/\/finger.ind.br\/wp-content\/uploads\/2025\/07\/Imagens-Soul-Collection-7.jpg\" alt=\"\">\n            <\/div>\n\n<\/div>\n\n\n<div id=\"imagecolumn-block_c8e076b1f9c57fd3007147aeb8352537\" class=\"block block--imagecolumn default content-reverse compact\">\n\n    <div class=\"block--content\">\n        \n\n<h2 class=\"wp-block-heading\"><strong>Con Finger, el alma de tu ambiente gana textura.<\/strong><br><\/h2>\n\n\n\n<p>El alma refleja la luz, la alegr\u00eda y la tristeza. El alma refleja la m\u00fasica, la danza, el arte y la poes\u00eda. Los sue\u00f1os, los deseos. Las inquietudes. La nostalgia\u2014y las alegr\u00edas de los reencuentros o de los primeros encuentros.<br>Y todas esas emociones se reflejan en tus ambientes, que pasan a ser tambi\u00e9n un espejo de tu alma.<\/p>\n\n\n    <\/div>\n\n    <div class=\"block--image\">                        \n                <img decoding=\"async\" src=\"https:\/\/finger.ind.br\/wp-content\/uploads\/2025\/07\/Imagens-Soul-Collection-2.jpg\" alt=\"\">\n            <\/div>\n\n<\/div>\n\n\n<div id=\"imagecolumn-block_5b3346fa0b86f03f08ffb7d5a1f06382\" class=\"block block--imagecolumn default compact\">\n\n    <div class=\"block--content\">\n        \n\n<p>Para imprimir tu alma en tus ambientes, Finger presenta la Soul Collection.<br>Una colecci\u00f3n llena de posibilidades, colores y texturas, que ofrece m\u00e1s bienestar, belleza y calidez\u2014para que puedas abrazar a todos los que amas con tu alma, en la forma de tus ambientes.<\/p>\n\n\n    <\/div>\n\n    <div class=\"block--image\">                        \n                <img decoding=\"async\" src=\"https:\/\/finger.ind.br\/wp-content\/uploads\/2025\/07\/Imagens-Soul-Collection-4.jpg\" alt=\"\">\n            <\/div>\n\n<\/div>\n\n\n<div id=\"imagefull-block_d1472d5bafcea12f9e12126df4c20a9c\" class=\"block block--imagefull overlay \">\n\n    <div class=\"block--content\">\n\n        \n\n<h2 class=\"wp-block-heading\">Cat\u00e1logo<\/h2>\n\n\n\n<p>Consulta el cat\u00e1logo de la nueva colecci\u00f3n y d\u00e9jate inspirar.<\/p>\n\n\n\n<a class=\"btn btn-secondary\" href=\"https:\/\/finger.ind.br\/wp-content\/uploads\/2022\/04\/soul-collection.pdf\" target=\"_self\">\n    \n        \n    <span class=\"btn-label\">Descargar cat\u00e1logo<\/span>\n\n<\/a>\n\n\n    <\/div>\n\n    <div class=\"block--image\">                        \n                <img decoding=\"async\" src=\"https:\/\/finger.ind.br\/wp-content\/uploads\/2025\/07\/Catalogo.jpg\" alt=\"Cat\u00e1logo\">\n            <\/div>\n\n<\/div>\n\n\n\t\t\t<div id=\"slides-block_db75f9d7a51b0c07cf44173cb38bf3cb\" class=\"block block--slides \">\n\n                <div class=\"container\"> \n\n\t\t\t\t\t\t\t\t\t\t<div class=\"block--heading\">                        \n                        <h2 class=\"block--title\">Ambientes<\/h2>\t\n\t\t\t\t\t\t<div class=\"block--description\"><p>Porque un buen ambiente no es solo donde vives. <em><strong>Es donde te encuentras.<\/strong><\/em><\/p>\n<\/div>\t\n                    <\/div>\n\t\t\t\t\t\t\n\n    \t\t\t\t<div class=\"block--content\">\n\n\t\t\t\t\t\t<div class=\"slides-slider swiper\" >\n\n\t\t\t\t\t\t\t<div class=\"swiper-wrapper\">\n\t\t\t\t\t\t\t\t\n\t\t\n\t\t\t\t\t\n\t\t\t\t\t\t\t\t<div class=\"swiper-slide\">\n\n\t\t\t\t\t\t\t\t\t<div class=\"slide--item\">                                    \n\n\t\t\t\t\t\t\t\t\t\t\t\t\t\t\t\t\t\t\t\t\t\t\t\t\t\t\t\t\t\t<a href=\"https:\/\/finger.ind.br\/es\/ambientes\/cocina\/\" target=\"_self\" title=\"Conoce los detalles\">\n\t\t\t\t\t\t\t\t\t\t\n\t\t\t\t\t\t\t\t\t\t\t<img decoding=\"async\" src=\"https:\/\/finger.ind.br\/wp-content\/uploads\/2025\/07\/Cozinha-3.jpg\" alt=\"Cozinha\">\n\t\t\t\n\t\t\t\t\t\t\t\t\t\t\t<span class=\"slide-title\">Cocina<\/span>\n\t\t\t\t\t\t\t\t\t\t\t<span class=\"slide-description\">Funcionalidad y belleza en perfecta armon\u00eda. Vive experiencias \u00fanicas en una cocina hecha a medida para tu estilo de vida.<\/span>\n\t\t\t\t\t\t\t\t\t\t\t<span class=\"btn btn-secondary\">Conoce los detalles<\/span>\n\n\t\t\t\t\t\t\t\t\t\t\t\t\t\t\t\t\t\t\t\t\t<\/a>\n\t\t\t\t\t\t\t\t\t\t\t\t\t\t\t\t\t\t\t\t\t\t\n\t\t\t\t\t\t\t\t\t<\/div>\n\n\t\t\t\t\t\t\t\t<\/div>\n\t\t\n\t\t\n\t\t\t\t\t\n\t\t\t\t\t\t\t\t<div class=\"swiper-slide\">\n\n\t\t\t\t\t\t\t\t\t<div class=\"slide--item\">                                    \n\n\t\t\t\t\t\t\t\t\t\t\t\t\t\t\t\t\t\t\t\t\t\t\t\t\t\t\t\t\t\t<a href=\"https:\/\/finger.ind.br\/es\/ambientes\/habitacion\/\" target=\"_self\" title=\"Conoce los detalles\">\n\t\t\t\t\t\t\t\t\t\t\n\t\t\t\t\t\t\t\t\t\t\t<img decoding=\"async\" src=\"https:\/\/finger.ind.br\/wp-content\/uploads\/2025\/07\/Sala-5.jpg\" alt=\"Sala\">\n\t\t\t\n\t\t\t\t\t\t\t\t\t\t\t<span class=\"slide-title\">Cuarto de estar<\/span>\n\t\t\t\t\t\t\t\t\t\t\t<span class=\"slide-description\">El espacio donde la vida toma forma. Muebles planificados para tu cuarto de estar con dise\u00f1o refinado\u2014perfectos para recuerdos llenos de confort, estilo y personalidad.<\/span>\n\t\t\t\t\t\t\t\t\t\t\t<span class=\"btn btn-secondary\">Conoce los detalles<\/span>\n\n\t\t\t\t\t\t\t\t\t\t\t\t\t\t\t\t\t\t\t\t\t<\/a>\n\t\t\t\t\t\t\t\t\t\t\t\t\t\t\t\t\t\t\t\t\t\t\n\t\t\t\t\t\t\t\t\t<\/div>\n\n\t\t\t\t\t\t\t\t<\/div>\n\t\t\n\t\t\n\t\t\t\t\t\n\t\t\t\t\t\t\t\t<div class=\"swiper-slide\">\n\n\t\t\t\t\t\t\t\t\t<div class=\"slide--item\">                                    \n\n\t\t\t\t\t\t\t\t\t\t\t\t\t\t\t\t\t\t\t\t\t\t\t\t\t\t\t\t\t\t<a href=\"https:\/\/finger.ind.br\/es\/ambientes\/dormitorio\/\" target=\"_self\" title=\"Conoce los detalles\">\n\t\t\t\t\t\t\t\t\t\t\n\t\t\t\t\t\t\t\t\t\t\t<img decoding=\"async\" src=\"https:\/\/finger.ind.br\/wp-content\/uploads\/2025\/07\/Dormitorios-1.jpg\" alt=\"Dormit\u00f3rios\">\n\t\t\t\n\t\t\t\t\t\t\t\t\t\t\t<span class=\"slide-title\">Dormitorio<\/span>\n\t\t\t\t\t\t\t\t\t\t\t<span class=\"slide-description\">M\u00e1s que un cuarto, un refugio.<\/span>\n\t\t\t\t\t\t\t\t\t\t\t<span class=\"btn btn-secondary\">Conoce los detalles<\/span>\n\n\t\t\t\t\t\t\t\t\t\t\t\t\t\t\t\t\t\t\t\t\t<\/a>\n\t\t\t\t\t\t\t\t\t\t\t\t\t\t\t\t\t\t\t\t\t\t\n\t\t\t\t\t\t\t\t\t<\/div>\n\n\t\t\t\t\t\t\t\t<\/div>\n\t\t\n\t\t\n\t\t\t\t\t\n\t\t\t\t\t\t\t\t<div class=\"swiper-slide\">\n\n\t\t\t\t\t\t\t\t\t<div class=\"slide--item\">                                    \n\n\t\t\t\t\t\t\t\t\t\t\t\t\t\t\t\t\t\t\t\t\t\t\t\t\t\t\t\t\t\t<a href=\"https:\/\/finger.ind.br\/es\/ambientes\/bano\/\" target=\"_self\" title=\"Conoce los detalles\">\n\t\t\t\t\t\t\t\t\t\t\n\t\t\t\t\t\t\t\t\t\t\t<img decoding=\"async\" src=\"https:\/\/finger.ind.br\/wp-content\/uploads\/2025\/07\/Banheiro-3.jpg\" alt=\"Banheiro\">\n\t\t\t\n\t\t\t\t\t\t\t\t\t\t\t<span class=\"slide-title\">Ba\u00f1o<\/span>\n\t\t\t\t\t\t\t\t\t\t\t<span class=\"slide-description\">Transforma tu rutina con elegancia. Ba\u00f1os a medida que acogen, sorprenden y ofrecen bienestar en cada detalle.<\/span>\n\t\t\t\t\t\t\t\t\t\t\t<span class=\"btn btn-secondary\">Conoce los detalles<\/span>\n\n\t\t\t\t\t\t\t\t\t\t\t\t\t\t\t\t\t\t\t\t\t<\/a>\n\t\t\t\t\t\t\t\t\t\t\t\t\t\t\t\t\t\t\t\t\t\t\n\t\t\t\t\t\t\t\t\t<\/div>\n\n\t\t\t\t\t\t\t\t<\/div>\n\t\t\n\t\t\n\t\t\t\t\t\n\t\t\t\t\t\t\t\t<div class=\"swiper-slide\">\n\n\t\t\t\t\t\t\t\t\t<div class=\"slide--item\">                                    \n\n\t\t\t\t\t\t\t\t\t\t\t\t\t\t\t\t\t\t\t\t\t\t\t\t\t\t\t\t\t\t<a href=\"https:\/\/finger.ind.br\/es\/ambientes\/lavanderia\/\" target=\"_self\" title=\"Conoce los detalles\">\n\t\t\t\t\t\t\t\t\t\t\n\t\t\t\t\t\t\t\t\t\t\t<img decoding=\"async\" src=\"https:\/\/finger.ind.br\/wp-content\/uploads\/2025\/07\/Lavanderia-2.jpg\" alt=\"Lavanderia\">\n\t\t\t\n\t\t\t\t\t\t\t\t\t\t\t<span class=\"slide-title\">Cuarto de lavado<\/span>\n\t\t\t\t\t\t\t\t\t\t\t<span class=\"slide-description\">Practicidad con estilo. Soluciones inteligentes para tu cuarto de lavado que optimizan tu rutina y elevan la est\u00e9tica incluso en los espacios m\u00e1s funcionales.<\/span>\n\t\t\t\t\t\t\t\t\t\t\t<span class=\"btn btn-secondary\">Conoce los detalles<\/span>\n\n\t\t\t\t\t\t\t\t\t\t\t\t\t\t\t\t\t\t\t\t\t<\/a>\n\t\t\t\t\t\t\t\t\t\t\t\t\t\t\t\t\t\t\t\t\t\t\n\t\t\t\t\t\t\t\t\t<\/div>\n\n\t\t\t\t\t\t\t\t<\/div>\n\t\t\n\t\t\n\t\t\t\t\t\n\t\t\t\t\t\t\t\t<div class=\"swiper-slide\">\n\n\t\t\t\t\t\t\t\t\t<div class=\"slide--item\">                                    \n\n\t\t\t\t\t\t\t\t\t\t\t\t\t\t\t\t\t\t\t\t\t\t\t\t\t\t\t\t\t\t<a href=\"https:\/\/finger.ind.br\/es\/ambientes\/corporativo\" target=\"_self\" title=\"Conoce los detalles\">\n\t\t\t\t\t\t\t\t\t\t\n\t\t\t\t\t\t\t\t\t\t\t<img decoding=\"async\" src=\"https:\/\/finger.ind.br\/wp-content\/uploads\/2025\/07\/Corporativo-1.jpg\" alt=\"Corporativo\">\n\t\t\t\n\t\t\t\t\t\t\t\t\t\t\t<span class=\"slide-title\">Corporativo<\/span>\n\t\t\t\t\t\t\t\t\t\t\t<span class=\"slide-description\">Ambientes corporativos con identidad. Sofisticaci\u00f3n, ergonom\u00eda e innovaci\u00f3n para convertir el trabajo en una experiencia inspiradora y productiva.<\/span>\n\t\t\t\t\t\t\t\t\t\t\t<span class=\"btn btn-secondary\">Conoce los detalles<\/span>\n\n\t\t\t\t\t\t\t\t\t\t\t\t\t\t\t\t\t\t\t\t\t<\/a>\n\t\t\t\t\t\t\t\t\t\t\t\t\t\t\t\t\t\t\t\t\t\t\n\t\t\t\t\t\t\t\t\t<\/div>\n\n\t\t\t\t\t\t\t\t<\/div>\n\t\t\n\t\t                                            \n\t\t\t\t\t\t\t\t\n\t\t\t\t\t\t\t<\/div>\n\n\t\t\t\t\t\t\t\t\t\t\t\t\t\t<div class=\"swiper-pagination\"><\/div>\n\t\t\t\t\t\t\t\n\t\t\t\t\t\t\t\n\t\t\t\t\t\t<\/div>\n\n\t\t\t\t\t<\/div>                    \t\n\n\t\t\t\t\t\n                <\/div>\n\n            <\/div>\n            \n\n\n\n<div id=\"cta-block_2540ce3cf53b03a22d78a69830dc4496\" class=\"block--cta  cta-\">\n\n    <div class=\"container\">\n\n        <div class=\"block--content\">   \n            \n                  \n            \n                  \n\n                    \n            \n\n<h2 class=\"wp-block-heading\">\u00bfListo para transformar tu <strong><em>ambiente?<\/em><\/strong><\/h2>\n\n\n\n<a class=\"btn btn-secondary\" href=\"https:\/\/finger.ind.br\/es\/hable-con-nosotros\/\" target=\"_self\">\n    \n        \n    <span class=\"btn-label\">Quiero mi espacio Finger<\/span>\n\n<\/a>\n\n\n        <\/div>\n\n    <\/div>\n\n<\/div>","protected":false},"excerpt":{"rendered":"","protected":false},"author":1,"featured_media":0,"parent":0,"menu_order":5,"comment_status":"closed","ping_status":"closed","template":"","meta":{"_acf_changed":false,"footnotes":""},"class_list":["post-208736","page","type-page","status-publish","hentry"],"acf":[],"yoast_head":"<!-- This site is optimized with the Yoast SEO plugin v27.3 - https:\/\/yoast.com\/product\/yoast-seo-wordpress\/ -->\n<title>Colecci\u00f3n Soul - Finger M\u00f3veis Planejados<\/title>\n<meta name=\"description\" content=\"Desperte a alma dos seus ambientes. Conhe\u00e7a a Soul Collection, a nova cole\u00e7\u00e3o da Finger, que ir\u00e1 tocar a sua alma.\" \/>\n<meta name=\"robots\" content=\"index, follow, max-snippet:-1, max-image-preview:large, max-video-preview:-1\" \/>\n<link rel=\"canonical\" href=\"https:\/\/finger.ind.br\/es\/coleccion-soul\/\" \/>\n<meta property=\"og:locale\" content=\"es_ES\" \/>\n<meta property=\"og:type\" content=\"article\" \/>\n<meta property=\"og:title\" content=\"Colecci\u00f3n Soul - Finger M\u00f3veis Planejados\" \/>\n<meta property=\"og:description\" content=\"Desperte a alma dos seus ambientes. Conhe\u00e7a a Soul Collection, a nova cole\u00e7\u00e3o da Finger, que ir\u00e1 tocar a sua alma.\" \/>\n<meta property=\"og:url\" content=\"https:\/\/finger.ind.br\/es\/coleccion-soul\/\" \/>\n<meta property=\"og:site_name\" content=\"Finger M\u00f3veis Planejados\" \/>\n<meta property=\"article:modified_time\" content=\"2025-09-16T17:32:30+00:00\" \/>\n<meta name=\"twitter:card\" content=\"summary_large_image\" \/>\n<meta name=\"twitter:label1\" content=\"Tiempo de lectura\" \/>\n\t<meta name=\"twitter:data1\" content=\"1 minuto\" \/>\n<script type=\"application\/ld+json\" class=\"yoast-schema-graph\">{\"@context\":\"https:\\\/\\\/schema.org\",\"@graph\":[{\"@type\":\"WebPage\",\"@id\":\"https:\\\/\\\/finger.ind.br\\\/es\\\/coleccion-soul\\\/\",\"url\":\"https:\\\/\\\/finger.ind.br\\\/es\\\/coleccion-soul\\\/\",\"name\":\"Colecci\u00f3n Soul - Finger M\u00f3veis Planejados\",\"isPartOf\":{\"@id\":\"https:\\\/\\\/finger.ind.br\\\/es\\\/2025\\\/#website\"},\"datePublished\":\"2025-07-21T14:33:13+00:00\",\"dateModified\":\"2025-09-16T17:32:30+00:00\",\"description\":\"Desperte a alma dos seus ambientes. Conhe\u00e7a a Soul Collection, a nova cole\u00e7\u00e3o da Finger, que ir\u00e1 tocar a sua alma.\",\"breadcrumb\":{\"@id\":\"https:\\\/\\\/finger.ind.br\\\/es\\\/coleccion-soul\\\/#breadcrumb\"},\"inLanguage\":\"es\",\"potentialAction\":[{\"@type\":\"ReadAction\",\"target\":[\"https:\\\/\\\/finger.ind.br\\\/es\\\/coleccion-soul\\\/\"]}]},{\"@type\":\"BreadcrumbList\",\"@id\":\"https:\\\/\\\/finger.ind.br\\\/es\\\/coleccion-soul\\\/#breadcrumb\",\"itemListElement\":[{\"@type\":\"ListItem\",\"position\":1,\"name\":\"In\u00edcio\",\"item\":\"https:\\\/\\\/finger.ind.br\\\/es\\\/\"},{\"@type\":\"ListItem\",\"position\":2,\"name\":\"Colecci\u00f3n Soul\"}]},{\"@type\":\"WebSite\",\"@id\":\"https:\\\/\\\/finger.ind.br\\\/es\\\/2025\\\/#website\",\"url\":\"https:\\\/\\\/finger.ind.br\\\/es\\\/2025\\\/\",\"name\":\"Finger M\u00f3veis Planejados\",\"description\":\"A precis\u00e3o alem\u00e3 com o melhor do design.\",\"potentialAction\":[{\"@type\":\"SearchAction\",\"target\":{\"@type\":\"EntryPoint\",\"urlTemplate\":\"https:\\\/\\\/finger.ind.br\\\/es\\\/2025\\\/?s={search_term_string}\"},\"query-input\":{\"@type\":\"PropertyValueSpecification\",\"valueRequired\":true,\"valueName\":\"search_term_string\"}}],\"inLanguage\":\"es\"}]}<\/script>\n<!-- \/ Yoast SEO plugin. -->","yoast_head_json":{"title":"Colecci\u00f3n Soul - Finger M\u00f3veis Planejados","description":"Desperte a alma dos seus ambientes. Conhe\u00e7a a Soul Collection, a nova cole\u00e7\u00e3o da Finger, que ir\u00e1 tocar a sua alma.","robots":{"index":"index","follow":"follow","max-snippet":"max-snippet:-1","max-image-preview":"max-image-preview:large","max-video-preview":"max-video-preview:-1"},"canonical":"https:\/\/finger.ind.br\/es\/coleccion-soul\/","og_locale":"es_ES","og_type":"article","og_title":"Colecci\u00f3n Soul - Finger M\u00f3veis Planejados","og_description":"Desperte a alma dos seus ambientes. Conhe\u00e7a a Soul Collection, a nova cole\u00e7\u00e3o da Finger, que ir\u00e1 tocar a sua alma.","og_url":"https:\/\/finger.ind.br\/es\/coleccion-soul\/","og_site_name":"Finger M\u00f3veis Planejados","article_modified_time":"2025-09-16T17:32:30+00:00","twitter_card":"summary_large_image","twitter_misc":{"Tiempo de lectura":"1 minuto"},"schema":{"@context":"https:\/\/schema.org","@graph":[{"@type":"WebPage","@id":"https:\/\/finger.ind.br\/es\/coleccion-soul\/","url":"https:\/\/finger.ind.br\/es\/coleccion-soul\/","name":"Colecci\u00f3n Soul - Finger M\u00f3veis Planejados","isPartOf":{"@id":"https:\/\/finger.ind.br\/es\/2025\/#website"},"datePublished":"2025-07-21T14:33:13+00:00","dateModified":"2025-09-16T17:32:30+00:00","description":"Desperte a alma dos seus ambientes. Conhe\u00e7a a Soul Collection, a nova cole\u00e7\u00e3o da Finger, que ir\u00e1 tocar a sua alma.","breadcrumb":{"@id":"https:\/\/finger.ind.br\/es\/coleccion-soul\/#breadcrumb"},"inLanguage":"es","potentialAction":[{"@type":"ReadAction","target":["https:\/\/finger.ind.br\/es\/coleccion-soul\/"]}]},{"@type":"BreadcrumbList","@id":"https:\/\/finger.ind.br\/es\/coleccion-soul\/#breadcrumb","itemListElement":[{"@type":"ListItem","position":1,"name":"In\u00edcio","item":"https:\/\/finger.ind.br\/es\/"},{"@type":"ListItem","position":2,"name":"Colecci\u00f3n Soul"}]},{"@type":"WebSite","@id":"https:\/\/finger.ind.br\/es\/2025\/#website","url":"https:\/\/finger.ind.br\/es\/2025\/","name":"Finger M\u00f3veis Planejados","description":"A precis\u00e3o alem\u00e3 com o melhor do design.","potentialAction":[{"@type":"SearchAction","target":{"@type":"EntryPoint","urlTemplate":"https:\/\/finger.ind.br\/es\/2025\/?s={search_term_string}"},"query-input":{"@type":"PropertyValueSpecification","valueRequired":true,"valueName":"search_term_string"}}],"inLanguage":"es"}]}},"amp_enabled":true,"_links":{"self":[{"href":"https:\/\/finger.ind.br\/es\/wp-json\/wp\/v2\/pages\/208736","targetHints":{"allow":["GET"]}}],"collection":[{"href":"https:\/\/finger.ind.br\/es\/wp-json\/wp\/v2\/pages"}],"about":[{"href":"https:\/\/finger.ind.br\/es\/wp-json\/wp\/v2\/types\/page"}],"author":[{"embeddable":true,"href":"https:\/\/finger.ind.br\/es\/wp-json\/wp\/v2\/users\/1"}],"replies":[{"embeddable":true,"href":"https:\/\/finger.ind.br\/es\/wp-json\/wp\/v2\/comments?post=208736"}],"version-history":[{"count":4,"href":"https:\/\/finger.ind.br\/es\/wp-json\/wp\/v2\/pages\/208736\/revisions"}],"predecessor-version":[{"id":209268,"href":"https:\/\/finger.ind.br\/es\/wp-json\/wp\/v2\/pages\/208736\/revisions\/209268"}],"wp:attachment":[{"href":"https:\/\/finger.ind.br\/es\/wp-json\/wp\/v2\/media?parent=208736"}],"curies":[{"name":"wp","href":"https:\/\/api.w.org\/{rel}","templated":true}]}}