{"id":208745,"date":"2018-12-19T16:55:31","date_gmt":"2018-12-19T18:55:31","guid":{"rendered":"https:\/\/finger.ind.br\/?page_id=208745"},"modified":"2026-03-26T10:01:32","modified_gmt":"2026-03-26T13:01:32","slug":"home","status":"publish","type":"page","link":"https:\/\/finger.ind.br\/es\/","title":{"rendered":"Home"},"content":{"rendered":"\n        <div class=\"block block--hero-slider\" id=\"hero-block_b095a3e411576874d8395e9f5977bc58\">\n\n        <div class=\"hero-slider swiper\" >\n            <div class=\"swiper-wrapper\">\n\n                                <div class=\"swiper-slide\">\n\n                    <div class=\"block block--hero\">\n\n                        <div class=\"container\">                    \n\n                            <div class=\"block--content\">\n\n                                                                \n                                                        \n                                <h2 class=\"block--title\">Ambientes que inspiran, acogen y transforman.<\/h2>                        \n                                \n                                                                                    \n                                                                <div class=\"btn-group\">\n                                                                        <a class=\"btn btn-primary\" href=\"#ambientes-es\">Descubre el ambiente que combina contigo.<\/a>\n                                    \n                                                                \n                                <\/div>\n                                \n                            <\/div>                                                                                      \n\n                        <\/div>\n\n                                                <div class=\"hero-video\">\n                            <video autoplay loop muted playsinline>\n                                <source src=\"https:\/\/finger.ind.br\/wp-content\/uploads\/2026\/03\/bloco-nova-colecao-1.mp4\" type=\"video\/mp4\">                            \n                            <\/video>\n                        <\/div>  \n                                              \n\n                    <\/div> \n\n                <\/div>\n                \n            <\/div>\n\n                        <div class=\"swiper-pagination\"><\/div>\n            \n            \n        <\/div>\n\n    <\/div>\n    \n\n\n<div id=\"imagecolumn-block_5fcc319a0fb38493171f04dcd386120a\" class=\"block block--imagecolumn default content-reverse title-mark\">\n\n    <div class=\"block--content\">\n        \n\n<h2 class=\"wp-block-heading\">Bienestar<\/h2>\n\n\n\n<p>Dise\u00f1o que respeta tu esencia.<br>Muebles a medida que se adaptan a tu rutina y valorizan tu bienestar.<\/p>\n\n\n\n<a class=\"btn btn-secondary\" href=\"https:\/\/qa.agenciaupside.com\/finger-2025\/es\/hable-con-nosotros\/\" target=\"_self\">\n    \n        \n    <span class=\"btn-label\">Quiero mi espacio Finger<\/span>\n\n<\/a>\n\n    <\/div>\n\n    <div class=\"block--image\">                        \n                <img decoding=\"async\" src=\"https:\/\/finger.ind.br\/wp-content\/uploads\/2025\/08\/img-1.jpg\" alt=\"ambiente finger\">\n            <\/div>\n\n<\/div>\n\n\n\t\t\t<div id=\"ambientes-es\" class=\"block block--slides \">\n\n                <div class=\"container\"> \n\n\t\t\t\t\t\t\t\t\t\t<div class=\"block--heading\">                        \n                        <h2 class=\"block--title\">Ambientes<\/h2>\t\n\t\t\t\t\t\t<div class=\"block--description\"><p>Porque un buen ambiente no es solo donde vives. <em><strong>Es donde te encuentras.<\/strong><\/em><\/p>\n<\/div>\t\n                    <\/div>\n\t\t\t\t\t\t\n\n    \t\t\t\t<div class=\"block--content\">\n\n\t\t\t\t\t\t<div class=\"slides-slider swiper\" >\n\n\t\t\t\t\t\t\t<div class=\"swiper-wrapper\">\n\t\t\t\t\t\t\t\t\n\t\t\n\t\t\t\t\t\n\t\t\t\t\t\t\t\t<div class=\"swiper-slide\">\n\n\t\t\t\t\t\t\t\t\t<div class=\"slide--item\">                                    \n\n\t\t\t\t\t\t\t\t\t\t\t\t\t\t\t\t\t\t\t\t\t\t\t\t\t\t\t\t\t\t<a href=\"https:\/\/finger.ind.br\/es\/ambientes\/cocina\" target=\"_self\" title=\"Conoce los detalles\">\n\t\t\t\t\t\t\t\t\t\t\n\t\t\t\t\t\t\t\t\t\t\t<img decoding=\"async\" src=\"https:\/\/finger.ind.br\/wp-content\/uploads\/2026\/03\/home-1.png\" alt=\"\">\n\t\t\t\n\t\t\t\t\t\t\t\t\t\t\t<span class=\"slide-title\">Cocina<\/span>\n\t\t\t\t\t\t\t\t\t\t\t<span class=\"slide-description\">Funcionalidad y belleza en perfecta armon\u00eda. Vive experiencias \u00fanicas en una cocina hecha a medida para tu estilo de vida.<\/span>\n\t\t\t\t\t\t\t\t\t\t\t<span class=\"btn btn-secondary\">Conoce los detalles<\/span>\n\n\t\t\t\t\t\t\t\t\t\t\t\t\t\t\t\t\t\t\t\t\t<\/a>\n\t\t\t\t\t\t\t\t\t\t\t\t\t\t\t\t\t\t\t\t\t\t\n\t\t\t\t\t\t\t\t\t<\/div>\n\n\t\t\t\t\t\t\t\t<\/div>\n\t\t\n\t\t\n\t\t\t\t\t\n\t\t\t\t\t\t\t\t<div class=\"swiper-slide\">\n\n\t\t\t\t\t\t\t\t\t<div class=\"slide--item\">                                    \n\n\t\t\t\t\t\t\t\t\t\t\t\t\t\t\t\t\t\t\t\t\t\t\t\t\t\t\t\t\t\t<a href=\"https:\/\/finger.ind.br\/es\/ambientes\/habitacion\/\" target=\"_self\" title=\"Conoce los detalles\">\n\t\t\t\t\t\t\t\t\t\t\n\t\t\t\t\t\t\t\t\t\t\t<img decoding=\"async\" src=\"https:\/\/finger.ind.br\/wp-content\/uploads\/2026\/03\/home-4.png\" alt=\"\">\n\t\t\t\n\t\t\t\t\t\t\t\t\t\t\t<span class=\"slide-title\">Cuarto de estar<\/span>\n\t\t\t\t\t\t\t\t\t\t\t<span class=\"slide-description\">El espacio donde la vida toma forma. Muebles planificados para tu cuarto de estar con dise\u00f1o refinado\u2014perfectos para recuerdos llenos de confort, estilo y personalidad.<\/span>\n\t\t\t\t\t\t\t\t\t\t\t<span class=\"btn btn-secondary\">Conoce los detalles<\/span>\n\n\t\t\t\t\t\t\t\t\t\t\t\t\t\t\t\t\t\t\t\t\t<\/a>\n\t\t\t\t\t\t\t\t\t\t\t\t\t\t\t\t\t\t\t\t\t\t\n\t\t\t\t\t\t\t\t\t<\/div>\n\n\t\t\t\t\t\t\t\t<\/div>\n\t\t\n\t\t\n\t\t\t\t\t\n\t\t\t\t\t\t\t\t<div class=\"swiper-slide\">\n\n\t\t\t\t\t\t\t\t\t<div class=\"slide--item\">                                    \n\n\t\t\t\t\t\t\t\t\t\t\t\t\t\t\t\t\t\t\t\t\t\t\t\t\t\t\t\t\t\t<a href=\"https:\/\/finger.ind.br\/es\/ambientes\/dormitorio\/\" target=\"_self\" title=\"Conoce los detalles\">\n\t\t\t\t\t\t\t\t\t\t\n\t\t\t\t\t\t\t\t\t\t\t<img decoding=\"async\" src=\"https:\/\/finger.ind.br\/wp-content\/uploads\/2026\/03\/home-7.png\" alt=\"\">\n\t\t\t\n\t\t\t\t\t\t\t\t\t\t\t<span class=\"slide-title\">Dormitorio<\/span>\n\t\t\t\t\t\t\t\t\t\t\t<span class=\"slide-description\">M\u00e1s que un cuarto, un refugio. Crea un dormitorio personalizado que inspire tranquilidad, encanto y autenticidad cada d\u00eda.<\/span>\n\t\t\t\t\t\t\t\t\t\t\t<span class=\"btn btn-secondary\">Conoce los detalles<\/span>\n\n\t\t\t\t\t\t\t\t\t\t\t\t\t\t\t\t\t\t\t\t\t<\/a>\n\t\t\t\t\t\t\t\t\t\t\t\t\t\t\t\t\t\t\t\t\t\t\n\t\t\t\t\t\t\t\t\t<\/div>\n\n\t\t\t\t\t\t\t\t<\/div>\n\t\t\n\t\t\n\t\t\t\t\t\n\t\t\t\t\t\t\t\t<div class=\"swiper-slide\">\n\n\t\t\t\t\t\t\t\t\t<div class=\"slide--item\">                                    \n\n\t\t\t\t\t\t\t\t\t\t\t\t\t\t\t\t\t\t\t\t\t\t\t\t\t\t\t\t\t\t<a href=\"https:\/\/finger.ind.br\/es\/ambientes\/bano\" target=\"_self\" title=\"Conoce los detalles\">\n\t\t\t\t\t\t\t\t\t\t\n\t\t\t\t\t\t\t\t\t\t\t<img decoding=\"async\" src=\"https:\/\/finger.ind.br\/wp-content\/uploads\/2026\/03\/home-8.png\" alt=\"\">\n\t\t\t\n\t\t\t\t\t\t\t\t\t\t\t<span class=\"slide-title\">Ba\u00f1o<\/span>\n\t\t\t\t\t\t\t\t\t\t\t<span class=\"slide-description\">Transforma tu rutina con elegancia. Ba\u00f1os a medida que acogen, sorprenden y ofrecen bienestar en cada detalle.<\/span>\n\t\t\t\t\t\t\t\t\t\t\t<span class=\"btn btn-secondary\">Conoce los detalles<\/span>\n\n\t\t\t\t\t\t\t\t\t\t\t\t\t\t\t\t\t\t\t\t\t<\/a>\n\t\t\t\t\t\t\t\t\t\t\t\t\t\t\t\t\t\t\t\t\t\t\n\t\t\t\t\t\t\t\t\t<\/div>\n\n\t\t\t\t\t\t\t\t<\/div>\n\t\t\n\t\t\n\t\t\t\t\t\n\t\t\t\t\t\t\t\t<div class=\"swiper-slide\">\n\n\t\t\t\t\t\t\t\t\t<div class=\"slide--item\">                                    \n\n\t\t\t\t\t\t\t\t\t\t\t\t\t\t\t\t\t\t\t\t\t\t\t\t\t\t\t\t\t\t<a href=\"https:\/\/finger.ind.br\/es\/ambientes\/lavanderia\" target=\"_self\" title=\"Conoce los detalles\">\n\t\t\t\t\t\t\t\t\t\t\n\t\t\t\t\t\t\t\t\t\t\t<img decoding=\"async\" src=\"https:\/\/finger.ind.br\/wp-content\/uploads\/2026\/03\/home-13.png\" alt=\"\">\n\t\t\t\n\t\t\t\t\t\t\t\t\t\t\t<span class=\"slide-title\">Cuarto de lavado<\/span>\n\t\t\t\t\t\t\t\t\t\t\t<span class=\"slide-description\">Practicidad con estilo. Soluciones inteligentes para tu cuarto de lavado que optimizan tu rutina y elevan la est\u00e9tica incluso en los espacios m\u00e1s funcionales.<\/span>\n\t\t\t\t\t\t\t\t\t\t\t<span class=\"btn btn-secondary\">Conoce los detalles<\/span>\n\n\t\t\t\t\t\t\t\t\t\t\t\t\t\t\t\t\t\t\t\t\t<\/a>\n\t\t\t\t\t\t\t\t\t\t\t\t\t\t\t\t\t\t\t\t\t\t\n\t\t\t\t\t\t\t\t\t<\/div>\n\n\t\t\t\t\t\t\t\t<\/div>\n\t\t\n\t\t\n\t\t\t\t\t\n\t\t\t\t\t\t\t\t<div class=\"swiper-slide\">\n\n\t\t\t\t\t\t\t\t\t<div class=\"slide--item\">                                    \n\n\t\t\t\t\t\t\t\t\t\t\t\t\t\t\t\t\t\t\t\t\t\t\t\t\t\t\t\t\t\t<a href=\"https:\/\/finger.ind.br\/es\/ambientes\/corporativo\" target=\"_self\" title=\"Conoce los detalles\">\n\t\t\t\t\t\t\t\t\t\t\n\t\t\t\t\t\t\t\t\t\t\t<img decoding=\"async\" src=\"https:\/\/finger.ind.br\/wp-content\/uploads\/2026\/03\/home-15.png\" alt=\"\">\n\t\t\t\n\t\t\t\t\t\t\t\t\t\t\t<span class=\"slide-title\">Corporativo<\/span>\n\t\t\t\t\t\t\t\t\t\t\t<span class=\"slide-description\">Ambientes corporativos con identidad. Sofisticaci\u00f3n, ergonom\u00eda e innovaci\u00f3n para convertir el trabajo en una experiencia inspiradora y productiva.<\/span>\n\t\t\t\t\t\t\t\t\t\t\t<span class=\"btn btn-secondary\">Conoce los detalles<\/span>\n\n\t\t\t\t\t\t\t\t\t\t\t\t\t\t\t\t\t\t\t\t\t<\/a>\n\t\t\t\t\t\t\t\t\t\t\t\t\t\t\t\t\t\t\t\t\t\t\n\t\t\t\t\t\t\t\t\t<\/div>\n\n\t\t\t\t\t\t\t\t<\/div>\n\t\t\n\t\t                                            \n\t\t\t\t\t\t\t\t\n\t\t\t\t\t\t\t<\/div>\n\n\t\t\t\t\t\t\t\n\t\t\t\t\t\t\t\t\t\t\t\t\t\t<div class=\"swiper-button-prev\"><i class=\"icon-prev\"><\/i><\/div>\n\t\t\t\t\t\t\t<div class=\"swiper-button-next\"><i class=\"icon-next\"><\/i><\/div>\n\t\t\t\t\t\t\t\n\t\t\t\t\t\t<\/div>\n\n\t\t\t\t\t<\/div>                    \t\n\n\t\t\t\t\t\t\t\t\t\t<div class=\"block--footer\">\n\t\t\t\t\t\t<a class=\"btn btn-primary btn-primary-icon\" target=\"_blank\" href=\"https:\/\/proposta.finger.ind.br\/\">Descubre el ambiente que combina contigo.<\/a>\n\t\t\t\t\t<\/div>    \n\t\t\t\t\t\n                <\/div>\n\n            <\/div>\n            \n\n\n\n<div id=\"imagefull-block_b64f1a16c028f30c8c9db4ae7d6da5c5\" class=\"block block--imagefull overlay default\">\n\n    <div class=\"block--content\">\n\n        \n\n<figure class=\"wp-block-image size-large\"><img loading=\"lazy\" decoding=\"async\" width=\"478\" height=\"316\" src=\"https:\/\/finger.ind.br\/wp-content\/uploads\/2026\/03\/bloco-nova-colecao-2.svg\" alt=\"\" class=\"wp-image-213505\"\/><\/figure>\n\n\n\n<a class=\"btn btn-secondary\" href=\"https:\/\/finger.ind.br\/es\/manifesto-zeithaus-collection\/\" target=\"_self\">\n    \n        \n    <span class=\"btn-label\">Explora la nueva colecci\u00f3n<\/span>\n\n<\/a>\n\n\n    <\/div>\n\n    <div class=\"block--image\">                        \n                <img decoding=\"async\" src=\"https:\/\/finger.ind.br\/wp-content\/uploads\/2026\/03\/bloco-nova-colecao.jpg\" alt=\"cozinha cole\u00e7\u00e3o zeit\">\n            <\/div>\n\n<\/div>\n\n\n<div id=\"imagecolumn-block_c0d9b1c6ca286067a62a648b4ec7ea11\" class=\"block block--imagecolumn default\">\n\n    <div class=\"block--content\">\n        \n\n<h2 class=\"wp-block-heading\">Sobre Finger<\/h2>\n\n\n\n<p>Crear ambientes personalizados es m\u00e1s que un compromiso est\u00e9tico.<br>Es una elecci\u00f3n consciente por el bienestar del ahora y del futuro.<\/p>\n\n\n\n<a class=\"btn btn-secondary\" href=\"https:\/\/finger.ind.br\/es\/sobre-finger\" target=\"_self\">\n    \n        \n    <span class=\"btn-label\">Conoce nuestra historia<\/span>\n\n<\/a>\n\n    <\/div>\n\n    <div class=\"block--image\">                        \n                <img decoding=\"async\" src=\"https:\/\/finger.ind.br\/wp-content\/uploads\/2025\/08\/bg-sobre.webp\" alt=\"Imagem a\u00e9rea da F\u00e1brica Finger\">\n            <\/div>\n\n<\/div>\n\n\n<div id=\"cta-block_1c1fea3e48587931af6fad61f2ce0deb\" class=\"block--cta  cta-\">\n\n    <div class=\"container\">\n\n        <div class=\"block--content\">   \n            \n                  \n            \n                  \n\n                    \n            \n\n<h2 class=\"wp-block-heading\">\u00bfListo para transformar tu <strong><em>ambiente?<\/em><\/strong><\/h2>\n\n\n\n<a class=\"btn btn-secondary\" href=\"https:\/\/finger.ind.br\/es\/hable-con-nosotros\/\" target=\"_self\">\n    \n        \n    <span class=\"btn-label\">Quiero mi espacio Finger<\/span>\n\n<\/a>\n\n\n        <\/div>\n\n    <\/div>\n\n<\/div>","protected":false},"excerpt":{"rendered":"","protected":false},"author":1,"featured_media":0,"parent":0,"menu_order":0,"comment_status":"closed","ping_status":"closed","template":"","meta":{"_acf_changed":false,"footnotes":""},"class_list":["post-208745","page","type-page","status-publish","hentry"],"acf":[],"yoast_head":"<!-- This site is optimized with the Yoast SEO plugin v27.4 - https:\/\/yoast.com\/product\/yoast-seo-wordpress\/ -->\n<title>Muebles personalizados Finger: lo mejor del dise\u00f1o europeo<\/title>\n<meta name=\"description\" content=\"Finger M\u00f3veis Planejados es una empresa que tiene como vocaci\u00f3n la precisi\u00f3n en los detalles y la b\u00fasqueda de la innovaci\u00f3n, proporcionando bienestar.\" \/>\n<meta name=\"robots\" content=\"index, follow, max-snippet:-1, max-image-preview:large, max-video-preview:-1\" \/>\n<link rel=\"canonical\" href=\"https:\/\/finger.ind.br\/es\/\" \/>\n<meta property=\"og:locale\" content=\"es_ES\" \/>\n<meta property=\"og:type\" content=\"article\" \/>\n<meta property=\"og:title\" content=\"Muebles personalizados Finger: lo mejor del dise\u00f1o europeo\" \/>\n<meta property=\"og:description\" content=\"Finger M\u00f3veis Planejados es una empresa que tiene como vocaci\u00f3n la precisi\u00f3n en los detalles y la b\u00fasqueda de la innovaci\u00f3n, proporcionando bienestar.\" \/>\n<meta property=\"og:url\" content=\"https:\/\/finger.ind.br\/es\/\" \/>\n<meta property=\"og:site_name\" content=\"Finger M\u00f3veis Planejados\" \/>\n<meta property=\"article:modified_time\" content=\"2026-03-26T13:01:32+00:00\" \/>\n<meta property=\"og:image\" content=\"https:\/\/finger.ind.br\/wp-content\/uploads\/2026\/03\/bloco-nova-colecao-2.svg\" \/>\n<meta name=\"twitter:card\" content=\"summary_large_image\" \/>\n<script type=\"application\/ld+json\" class=\"yoast-schema-graph\">{\"@context\":\"https:\\\/\\\/schema.org\",\"@graph\":[{\"@type\":\"WebPage\",\"@id\":\"https:\\\/\\\/finger.ind.br\\\/es\\\/\",\"url\":\"https:\\\/\\\/finger.ind.br\\\/es\\\/\",\"name\":\"Muebles personalizados Finger: lo mejor del dise\u00f1o europeo\",\"isPartOf\":{\"@id\":\"https:\\\/\\\/finger.ind.br\\\/es\\\/2025\\\/#website\"},\"primaryImageOfPage\":{\"@id\":\"https:\\\/\\\/finger.ind.br\\\/es\\\/#primaryimage\"},\"image\":{\"@id\":\"https:\\\/\\\/finger.ind.br\\\/es\\\/#primaryimage\"},\"thumbnailUrl\":\"https:\\\/\\\/finger.ind.br\\\/wp-content\\\/uploads\\\/2026\\\/03\\\/bloco-nova-colecao-2.svg\",\"datePublished\":\"2018-12-19T18:55:31+00:00\",\"dateModified\":\"2026-03-26T13:01:32+00:00\",\"description\":\"Finger M\u00f3veis Planejados es una empresa que tiene como vocaci\u00f3n la precisi\u00f3n en los detalles y la b\u00fasqueda de la innovaci\u00f3n, proporcionando bienestar.\",\"breadcrumb\":{\"@id\":\"https:\\\/\\\/finger.ind.br\\\/es\\\/#breadcrumb\"},\"inLanguage\":\"es\",\"potentialAction\":[{\"@type\":\"ReadAction\",\"target\":[\"https:\\\/\\\/finger.ind.br\\\/es\\\/\"]}]},{\"@type\":\"ImageObject\",\"inLanguage\":\"es\",\"@id\":\"https:\\\/\\\/finger.ind.br\\\/es\\\/#primaryimage\",\"url\":\"https:\\\/\\\/finger.ind.br\\\/wp-content\\\/uploads\\\/2026\\\/03\\\/bloco-nova-colecao-2.svg\",\"contentUrl\":\"https:\\\/\\\/finger.ind.br\\\/wp-content\\\/uploads\\\/2026\\\/03\\\/bloco-nova-colecao-2.svg\"},{\"@type\":\"BreadcrumbList\",\"@id\":\"https:\\\/\\\/finger.ind.br\\\/es\\\/#breadcrumb\",\"itemListElement\":[{\"@type\":\"ListItem\",\"position\":1,\"name\":\"In\u00edcio\",\"item\":\"https:\\\/\\\/finger.ind.br\\\/es\\\/\"},{\"@type\":\"ListItem\",\"position\":2,\"name\":\"Home\"}]},{\"@type\":\"WebSite\",\"@id\":\"https:\\\/\\\/finger.ind.br\\\/es\\\/2025\\\/#website\",\"url\":\"https:\\\/\\\/finger.ind.br\\\/es\\\/2025\\\/\",\"name\":\"Finger M\u00f3veis Planejados\",\"description\":\"A precis\u00e3o alem\u00e3 com o melhor do design.\",\"potentialAction\":[{\"@type\":\"SearchAction\",\"target\":{\"@type\":\"EntryPoint\",\"urlTemplate\":\"https:\\\/\\\/finger.ind.br\\\/es\\\/2025\\\/?s={search_term_string}\"},\"query-input\":{\"@type\":\"PropertyValueSpecification\",\"valueRequired\":true,\"valueName\":\"search_term_string\"}}],\"inLanguage\":\"es\"}]}<\/script>\n<!-- \/ Yoast SEO plugin. -->","yoast_head_json":{"title":"Muebles personalizados Finger: lo mejor del dise\u00f1o europeo","description":"Finger M\u00f3veis Planejados es una empresa que tiene como vocaci\u00f3n la precisi\u00f3n en los detalles y la b\u00fasqueda de la innovaci\u00f3n, proporcionando bienestar.","robots":{"index":"index","follow":"follow","max-snippet":"max-snippet:-1","max-image-preview":"max-image-preview:large","max-video-preview":"max-video-preview:-1"},"canonical":"https:\/\/finger.ind.br\/es\/","og_locale":"es_ES","og_type":"article","og_title":"Muebles personalizados Finger: lo mejor del dise\u00f1o europeo","og_description":"Finger M\u00f3veis Planejados es una empresa que tiene como vocaci\u00f3n la precisi\u00f3n en los detalles y la b\u00fasqueda de la innovaci\u00f3n, proporcionando bienestar.","og_url":"https:\/\/finger.ind.br\/es\/","og_site_name":"Finger M\u00f3veis Planejados","article_modified_time":"2026-03-26T13:01:32+00:00","og_image":[{"url":"https:\/\/finger.ind.br\/wp-content\/uploads\/2026\/03\/bloco-nova-colecao-2.svg","type":"","width":"","height":""}],"twitter_card":"summary_large_image","schema":{"@context":"https:\/\/schema.org","@graph":[{"@type":"WebPage","@id":"https:\/\/finger.ind.br\/es\/","url":"https:\/\/finger.ind.br\/es\/","name":"Muebles personalizados Finger: lo mejor del dise\u00f1o europeo","isPartOf":{"@id":"https:\/\/finger.ind.br\/es\/2025\/#website"},"primaryImageOfPage":{"@id":"https:\/\/finger.ind.br\/es\/#primaryimage"},"image":{"@id":"https:\/\/finger.ind.br\/es\/#primaryimage"},"thumbnailUrl":"https:\/\/finger.ind.br\/wp-content\/uploads\/2026\/03\/bloco-nova-colecao-2.svg","datePublished":"2018-12-19T18:55:31+00:00","dateModified":"2026-03-26T13:01:32+00:00","description":"Finger M\u00f3veis Planejados es una empresa que tiene como vocaci\u00f3n la precisi\u00f3n en los detalles y la b\u00fasqueda de la innovaci\u00f3n, proporcionando bienestar.","breadcrumb":{"@id":"https:\/\/finger.ind.br\/es\/#breadcrumb"},"inLanguage":"es","potentialAction":[{"@type":"ReadAction","target":["https:\/\/finger.ind.br\/es\/"]}]},{"@type":"ImageObject","inLanguage":"es","@id":"https:\/\/finger.ind.br\/es\/#primaryimage","url":"https:\/\/finger.ind.br\/wp-content\/uploads\/2026\/03\/bloco-nova-colecao-2.svg","contentUrl":"https:\/\/finger.ind.br\/wp-content\/uploads\/2026\/03\/bloco-nova-colecao-2.svg"},{"@type":"BreadcrumbList","@id":"https:\/\/finger.ind.br\/es\/#breadcrumb","itemListElement":[{"@type":"ListItem","position":1,"name":"In\u00edcio","item":"https:\/\/finger.ind.br\/es\/"},{"@type":"ListItem","position":2,"name":"Home"}]},{"@type":"WebSite","@id":"https:\/\/finger.ind.br\/es\/2025\/#website","url":"https:\/\/finger.ind.br\/es\/2025\/","name":"Finger M\u00f3veis Planejados","description":"A precis\u00e3o alem\u00e3 com o melhor do design.","potentialAction":[{"@type":"SearchAction","target":{"@type":"EntryPoint","urlTemplate":"https:\/\/finger.ind.br\/es\/2025\/?s={search_term_string}"},"query-input":{"@type":"PropertyValueSpecification","valueRequired":true,"valueName":"search_term_string"}}],"inLanguage":"es"}]}},"amp_enabled":false,"_links":{"self":[{"href":"https:\/\/finger.ind.br\/es\/wp-json\/wp\/v2\/pages\/208745","targetHints":{"allow":["GET"]}}],"collection":[{"href":"https:\/\/finger.ind.br\/es\/wp-json\/wp\/v2\/pages"}],"about":[{"href":"https:\/\/finger.ind.br\/es\/wp-json\/wp\/v2\/types\/page"}],"author":[{"embeddable":true,"href":"https:\/\/finger.ind.br\/es\/wp-json\/wp\/v2\/users\/1"}],"replies":[{"embeddable":true,"href":"https:\/\/finger.ind.br\/es\/wp-json\/wp\/v2\/comments?post=208745"}],"version-history":[{"count":10,"href":"https:\/\/finger.ind.br\/es\/wp-json\/wp\/v2\/pages\/208745\/revisions"}],"predecessor-version":[{"id":213731,"href":"https:\/\/finger.ind.br\/es\/wp-json\/wp\/v2\/pages\/208745\/revisions\/213731"}],"wp:attachment":[{"href":"https:\/\/finger.ind.br\/es\/wp-json\/wp\/v2\/media?parent=208745"}],"curies":[{"name":"wp","href":"https:\/\/api.w.org\/{rel}","templated":true}]}}