{"id":56289,"date":"2025-07-25T11:20:33","date_gmt":"2025-07-25T14:20:33","guid":{"rendered":"https:\/\/finger.ind.br\/?page_id=56289"},"modified":"2025-08-22T17:15:35","modified_gmt":"2025-08-22T20:15:35","slug":"gracias","status":"publish","type":"page","link":"https:\/\/finger.ind.br\/es\/hable-con-nosotros\/gracias\/","title":{"rendered":"Gracias"},"content":{"rendered":"\n\t\t\t<div id=\"gracias\" class=\"block block--page-heading  heading-image\">\n\n                <div class=\"container\">                                         \n\n                    <div class=\"block--breadcrumb\">\n                        <ul class=\"breadcrumb\"><li class=\"item item-home\"><a href=\"https:\/\/finger.ind.br\/es\/\"><i class=\"icon-home\"><\/i>Home<\/a><\/li><li class=\"seperator\"><i class=\"icon-seperator\"><\/i><\/li><\/ul>                        \n                    <\/div>\n\n                                            \n\n                    \n                                           \n                    <h1 class=\"block--title\">Gracias<\/h1>     \n                                            \n\n                                           \n                    <h2 class=\"block--subtitle\">Nos pondremos en contacto contigo<\/h2>     \n                                            \n\n                    \n                    \n                                        <div class=\"block--image\">\n                        <img decoding=\"async\" src=\"https:\/\/finger.ind.br\/wp-content\/uploads\/2025\/07\/Politica-de-privacidade.jpg\" alt=\"cozinha\">\n                    <\/div>\n                    \n                <\/div>\n\n            <\/div>","protected":false},"excerpt":{"rendered":"","protected":false},"author":1,"featured_media":0,"parent":54523,"menu_order":0,"comment_status":"closed","ping_status":"closed","template":"","meta":{"_acf_changed":false,"footnotes":""},"class_list":["post-56289","page","type-page","status-publish","hentry"],"acf":[],"yoast_head":"<!-- This site is optimized with the Yoast SEO plugin v27.4 - https:\/\/yoast.com\/product\/yoast-seo-wordpress\/ -->\n<title>Gracias - Finger M\u00f3veis Planejados<\/title>\n<meta name=\"robots\" content=\"index, follow, max-snippet:-1, max-image-preview:large, max-video-preview:-1\" \/>\n<link rel=\"canonical\" href=\"https:\/\/finger.ind.br\/es\/hable-con-nosotros\/gracias\/\" \/>\n<meta property=\"og:locale\" content=\"es_ES\" \/>\n<meta property=\"og:type\" content=\"article\" \/>\n<meta property=\"og:title\" content=\"Gracias - Finger M\u00f3veis Planejados\" \/>\n<meta property=\"og:url\" content=\"https:\/\/finger.ind.br\/es\/hable-con-nosotros\/gracias\/\" \/>\n<meta property=\"og:site_name\" content=\"Finger M\u00f3veis Planejados\" \/>\n<meta property=\"article:modified_time\" content=\"2025-08-22T20:15:35+00:00\" \/>\n<meta name=\"twitter:card\" content=\"summary_large_image\" \/>\n<script type=\"application\/ld+json\" class=\"yoast-schema-graph\">{\"@context\":\"https:\\\/\\\/schema.org\",\"@graph\":[{\"@type\":\"WebPage\",\"@id\":\"https:\\\/\\\/finger.ind.br\\\/es\\\/hable-con-nosotros\\\/gracias\\\/\",\"url\":\"https:\\\/\\\/finger.ind.br\\\/es\\\/hable-con-nosotros\\\/gracias\\\/\",\"name\":\"Gracias - Finger M\u00f3veis Planejados\",\"isPartOf\":{\"@id\":\"https:\\\/\\\/finger.ind.br\\\/es\\\/2025\\\/#website\"},\"datePublished\":\"2025-07-25T14:20:33+00:00\",\"dateModified\":\"2025-08-22T20:15:35+00:00\",\"breadcrumb\":{\"@id\":\"https:\\\/\\\/finger.ind.br\\\/es\\\/hable-con-nosotros\\\/gracias\\\/#breadcrumb\"},\"inLanguage\":\"es\",\"potentialAction\":[{\"@type\":\"ReadAction\",\"target\":[\"https:\\\/\\\/finger.ind.br\\\/es\\\/hable-con-nosotros\\\/gracias\\\/\"]}]},{\"@type\":\"BreadcrumbList\",\"@id\":\"https:\\\/\\\/finger.ind.br\\\/es\\\/hable-con-nosotros\\\/gracias\\\/#breadcrumb\",\"itemListElement\":[{\"@type\":\"ListItem\",\"position\":1,\"name\":\"In\u00edcio\",\"item\":\"https:\\\/\\\/finger.ind.br\\\/es\\\/\"},{\"@type\":\"ListItem\",\"position\":2,\"name\":\"Hable con nosotros\",\"item\":\"https:\\\/\\\/finger.ind.br\\\/es\\\/hable-con-nosotros\\\/\"},{\"@type\":\"ListItem\",\"position\":3,\"name\":\"Gracias\"}]},{\"@type\":\"WebSite\",\"@id\":\"https:\\\/\\\/finger.ind.br\\\/es\\\/2025\\\/#website\",\"url\":\"https:\\\/\\\/finger.ind.br\\\/es\\\/2025\\\/\",\"name\":\"Finger M\u00f3veis Planejados\",\"description\":\"A precis\u00e3o alem\u00e3 com o melhor do design.\",\"potentialAction\":[{\"@type\":\"SearchAction\",\"target\":{\"@type\":\"EntryPoint\",\"urlTemplate\":\"https:\\\/\\\/finger.ind.br\\\/es\\\/2025\\\/?s={search_term_string}\"},\"query-input\":{\"@type\":\"PropertyValueSpecification\",\"valueRequired\":true,\"valueName\":\"search_term_string\"}}],\"inLanguage\":\"es\"}]}<\/script>\n<!-- \/ Yoast SEO plugin. -->","yoast_head_json":{"title":"Gracias - Finger M\u00f3veis Planejados","robots":{"index":"index","follow":"follow","max-snippet":"max-snippet:-1","max-image-preview":"max-image-preview:large","max-video-preview":"max-video-preview:-1"},"canonical":"https:\/\/finger.ind.br\/es\/hable-con-nosotros\/gracias\/","og_locale":"es_ES","og_type":"article","og_title":"Gracias - Finger M\u00f3veis Planejados","og_url":"https:\/\/finger.ind.br\/es\/hable-con-nosotros\/gracias\/","og_site_name":"Finger M\u00f3veis Planejados","article_modified_time":"2025-08-22T20:15:35+00:00","twitter_card":"summary_large_image","schema":{"@context":"https:\/\/schema.org","@graph":[{"@type":"WebPage","@id":"https:\/\/finger.ind.br\/es\/hable-con-nosotros\/gracias\/","url":"https:\/\/finger.ind.br\/es\/hable-con-nosotros\/gracias\/","name":"Gracias - Finger M\u00f3veis Planejados","isPartOf":{"@id":"https:\/\/finger.ind.br\/es\/2025\/#website"},"datePublished":"2025-07-25T14:20:33+00:00","dateModified":"2025-08-22T20:15:35+00:00","breadcrumb":{"@id":"https:\/\/finger.ind.br\/es\/hable-con-nosotros\/gracias\/#breadcrumb"},"inLanguage":"es","potentialAction":[{"@type":"ReadAction","target":["https:\/\/finger.ind.br\/es\/hable-con-nosotros\/gracias\/"]}]},{"@type":"BreadcrumbList","@id":"https:\/\/finger.ind.br\/es\/hable-con-nosotros\/gracias\/#breadcrumb","itemListElement":[{"@type":"ListItem","position":1,"name":"In\u00edcio","item":"https:\/\/finger.ind.br\/es\/"},{"@type":"ListItem","position":2,"name":"Hable con nosotros","item":"https:\/\/finger.ind.br\/es\/hable-con-nosotros\/"},{"@type":"ListItem","position":3,"name":"Gracias"}]},{"@type":"WebSite","@id":"https:\/\/finger.ind.br\/es\/2025\/#website","url":"https:\/\/finger.ind.br\/es\/2025\/","name":"Finger M\u00f3veis Planejados","description":"A precis\u00e3o alem\u00e3 com o melhor do design.","potentialAction":[{"@type":"SearchAction","target":{"@type":"EntryPoint","urlTemplate":"https:\/\/finger.ind.br\/es\/2025\/?s={search_term_string}"},"query-input":{"@type":"PropertyValueSpecification","valueRequired":true,"valueName":"search_term_string"}}],"inLanguage":"es"}]}},"amp_enabled":true,"_links":{"self":[{"href":"https:\/\/finger.ind.br\/es\/wp-json\/wp\/v2\/pages\/56289","targetHints":{"allow":["GET"]}}],"collection":[{"href":"https:\/\/finger.ind.br\/es\/wp-json\/wp\/v2\/pages"}],"about":[{"href":"https:\/\/finger.ind.br\/es\/wp-json\/wp\/v2\/types\/page"}],"author":[{"embeddable":true,"href":"https:\/\/finger.ind.br\/es\/wp-json\/wp\/v2\/users\/1"}],"replies":[{"embeddable":true,"href":"https:\/\/finger.ind.br\/es\/wp-json\/wp\/v2\/comments?post=56289"}],"version-history":[{"count":1,"href":"https:\/\/finger.ind.br\/es\/wp-json\/wp\/v2\/pages\/56289\/revisions"}],"predecessor-version":[{"id":208660,"href":"https:\/\/finger.ind.br\/es\/wp-json\/wp\/v2\/pages\/56289\/revisions\/208660"}],"up":[{"embeddable":true,"href":"https:\/\/finger.ind.br\/es\/wp-json\/wp\/v2\/pages\/54523"}],"wp:attachment":[{"href":"https:\/\/finger.ind.br\/es\/wp-json\/wp\/v2\/media?parent=56289"}],"curies":[{"name":"wp","href":"https:\/\/api.w.org\/{rel}","templated":true}]}}